{"id":19,"date":"2017-03-29T19:42:08","date_gmt":"2017-03-29T19:42:08","guid":{"rendered":"http:\/\/kantrijo.hu\/?page_id=19"},"modified":"2017-08-23T07:39:04","modified_gmt":"2017-08-23T07:39:04","slug":"in-memoriam","status":"publish","type":"page","link":"http:\/\/kantrijo.hu\/?page_id=19","title":{"rendered":"In memoriam"},"content":{"rendered":"<p style=\"text-align: center;\"><strong>Czifr\u00e1k Andr\u00e1s 1953 &#8211; 2011.<\/strong><\/p>\n<p style=\"text-align: center;\">\nA Kantrij\u00f3 alapit\u00f3ja \u00e9s \u00f6r\u00f6k\u00f6s zenekar vezet\u0151je. Debrecenben (1972) alapit\u00f3ja volt az egykori P\u00e1tria egy\u00fcttesnek, mely a &#8220;Magyar Liverpool&#8221; legszebb beatzen\u00e9s napjaiban a Color, Panta Rhei, Astor, Lux egy\u00fcttesek id\u0151szak\u00e1ban a folk zen\u00e9t k\u00e9pviselte az akkori debreceni zenei palett\u00e1n, hossz\u00fa \u00e9veken kereszt\u00fcl.<br \/>\nTragikus hal\u00e1la m\u00e1ig feldolgozhatatlan sz\u00e1munkra. Eml\u00e9k\u00e9t \u00f6r\u00f6kk\u00e9 meg\u0151rizz\u00fck.<\/p>\n<p><img loading=\"lazy\" class=\"size-medium wp-image-78 aligncenter\" src=\"http:\/\/kantrijo.hu\/wp-content\/uploads\/2017\/03\/cziff_21-300x200.jpg\" alt=\"\" width=\"300\" height=\"200\" srcset=\"http:\/\/kantrijo.hu\/wp-content\/uploads\/2017\/03\/cziff_21-300x200.jpg 300w, http:\/\/kantrijo.hu\/wp-content\/uploads\/2017\/03\/cziff_21.jpg 470w\" sizes=\"(max-width: 300px) 100vw, 300px\" \/><\/p>\n","protected":false},"excerpt":{"rendered":"<p>Czifr\u00e1k Andr\u00e1s 1953 &#8211; 2011. A Kantrij\u00f3 alapit\u00f3ja \u00e9s \u00f6r\u00f6k\u00f6s zenekar vezet\u0151je. Debrecenben (1972) alapit\u00f3ja volt az egykori P\u00e1tria egy\u00fcttesnek, mely a &#8220;Magyar Liverpool&#8221; legszebb beatzen\u00e9s napjaiban a Color, Panta Rhei, Astor, Lux egy\u00fcttesek id\u0151szak\u00e1ban a folk zen\u00e9t k\u00e9pviselte az akkori debreceni zenei palett\u00e1n, hossz\u00fa \u00e9veken kereszt\u00fcl. Tragikus hal\u00e1la m\u00e1ig feldolgozhatatlan sz\u00e1munkra. Eml\u00e9k\u00e9t \u00f6r\u00f6kk\u00e9 meg\u0151rizz\u00fck.<\/p>\n","protected":false},"author":1,"featured_media":0,"parent":0,"menu_order":0,"comment_status":"closed","ping_status":"closed","template":"","meta":[],"_links":{"self":[{"href":"http:\/\/kantrijo.hu\/index.php?rest_route=\/wp\/v2\/pages\/19"}],"collection":[{"href":"http:\/\/kantrijo.hu\/index.php?rest_route=\/wp\/v2\/pages"}],"about":[{"href":"http:\/\/kantrijo.hu\/index.php?rest_route=\/wp\/v2\/types\/page"}],"author":[{"embeddable":true,"href":"http:\/\/kantrijo.hu\/index.php?rest_route=\/wp\/v2\/users\/1"}],"replies":[{"embeddable":true,"href":"http:\/\/kantrijo.hu\/index.php?rest_route=%2Fwp%2Fv2%2Fcomments&post=19"}],"version-history":[{"count":5,"href":"http:\/\/kantrijo.hu\/index.php?rest_route=\/wp\/v2\/pages\/19\/revisions"}],"predecessor-version":[{"id":81,"href":"http:\/\/kantrijo.hu\/index.php?rest_route=\/wp\/v2\/pages\/19\/revisions\/81"}],"wp:attachment":[{"href":"http:\/\/kantrijo.hu\/index.php?rest_route=%2Fwp%2Fv2%2Fmedia&parent=19"}],"curies":[{"name":"wp","href":"https:\/\/api.w.org\/{rel}","templated":true}]}}