{"id":12,"date":"2017-03-29T19:42:08","date_gmt":"2017-03-29T19:42:08","guid":{"rendered":"http:\/\/kantrijo.hu\/?page_id=12"},"modified":"2025-01-03T14:57:08","modified_gmt":"2025-01-03T14:57:08","slug":"tagok","status":"publish","type":"page","link":"https:\/\/kantrijo.hu\/?page_id=12","title":{"rendered":"Tagok"},"content":{"rendered":"\n<div><span style=\"font-family: Arial; font-size: small;\"><strong>1, VARGA TIBOR<\/strong> (Bakter): Git\u00e1rok, \u00e9nek.<\/span><\/div>\n<div><span style=\"font-family: Arial; font-size: small;\">Alap\u00edt\u00f3 tag (2002). &#8220;Bakter&#8221; a csapat m\u00f3ka \u00e9s pincemestere. Els\u0151 zenekara az aba\u00fajsz\u00e1nt\u00f3i Zent\u00f3 egy\u00fcttes volt. K\u00e9s\u0151bb j\u00e1tszott a legend\u00e1s aba\u00faj &#8211; zempl\u00e9ni El &#8211; Loco egy\u00fcttesben is. Szabadidej\u00e9ben git\u00e1rsz\u00f3l\u00f3t \u00e9s borsz\u0151l\u0151t m\u0171vel, teh\u00e1t bor\u00e1szkodik. Vas\u00fattechnikus, Aba\u00fajsz\u00e1nt\u00f3n \u00e9l.<\/span><\/div>\n<div>&nbsp;<\/div>\n<div><span style=\"font-family: Arial; font-size: small;\"><strong>2, T\u00d3TH IMRE<\/strong>: Basszusgit\u00e1r, \u00e9nek.<\/span><\/div>\n<div><span style=\"font-family: Arial; font-size: small;\">A Kantrij\u00f3ban 2004-t\u0151l j\u00e1tszik. Imi &#8220;b\u00e1csi&#8221; a Fantomsz egy\u00fcttesben kezdte, s m\u00e1r sok git\u00e1rp\u00e1rbajt \u00e9s rock band\u00e1t megj\u00e1rt muzsikus. Az elm\u00falt \u00e9v &#8211; tizedek alatt nagyon sok kiv\u00e1ll\u00f3 debreceni zen\u00e9sz koll\u00e9g\u00e1val j\u00e1tszott, jobbn\u00e1l jobb form\u00e1ci\u00f3kban. \u0150 az, akire mind\u00e9g, minden hol \u00e9s minden k\u00f6r\u00fclm\u00e9nyek k\u00f6z\u00f6tt lehet sz\u00e1mitani.<\/span><\/div>\n<div><span style=\"font-family: Arial; font-size: small;\">Ma is t\u00f6bb csapatban akt\u00edvan zen\u00e9l, \u00edgy a Kantrij\u00f3ban is. Debrecenben \u00e9l.<\/span><\/div>\n<div>&nbsp;<\/div>\n<div><span style=\"font-family: Arial; font-size: small;\"><strong>3, REH\u00d3 S\u00c1NDOR<\/strong>: Dobok, \u00e9nek.<\/span><\/div>\n<div><span style=\"font-family: Arial; font-size: small;\">A zenekar &#8220;ritmus frakci\u00f3 vezet\u0151je&#8221;. Els\u0151 dobver\u0151it \u00fagy 1968 t\u00e1j\u00e9k\u00e1n vette. A kezdetben ny\u00edradonyi zenekarokat er\u0151sitett. A 70 &#8211; es \u00e9vek v\u00e9g\u00e9n igazolt Debrecenbe<\/span><\/div>\n<div><span style=\"font-family: Arial; font-size: small;\">(EX egy). T\u00f6bb form\u00e1ci\u00f3ban is megfordult. A Kantrij\u00f3ban 2004-\u00f3ta muzsik\u00e1l. \u0150 az, aki a a csapat minden koncertj\u00e9t v\u00e9gig \u00fcli, m\u00edg a t\u00f6bbiek \u00e1llnak. A zenekar biztos\u00edt\u00e1si szakembere. Debrecenben \u00e9l.<\/span><\/div>\n<div>\n<div>&nbsp;<\/div>\n<div><strong style=\"font-family: Arial; font-size: small; color: initial;\">4, KISS S\u00c1NDOR<\/strong><span style=\"font-family: Arial; font-size: small; color: initial;\">: billenty\u0171<\/span><\/div>\n<div>\n<div><span style=\"font-family: Arial; font-size: small;\">J\u00e1tszott t\u00f6bbek k\u00f6z\u00f6tt a 70-es \u00e9vek LUX egy\u00fcttes\u00e9ben. K\u00e9s\u0151bb a HANGFOG\u00d3 zenekart er\u0151s\u00edtette. Debrecen egyik legjobb hang techinkusa. Sanyi r\u00f6gz\u00edtette a 2010-es \u00e9s a 2016-os KANTRIJ\u00d3 CD anyag\u00e1t. Billenty\u0171s j\u00e1t\u00e9k\u00e1val nagyban sz\u00ednes\u00edti a zenekar megsz\u00f3lal\u00e1s\u00e1t.<\/span><\/div>\n<div>\n<div>&nbsp;<\/div>\n<div><span style=\"font-family: Arial; font-size: small;\"><strong>5, BERNYISCSEK \u00c9VA<\/strong>: \u00e9nek<\/span><\/div>\n<div><span style=\"font-family: Arial; font-size: small;\">Kezdetben saj\u00e1t sz\u00f3rakoztat\u00e1s\u00e1ra, zen\u00e9sz bar\u00e1tok \u00e1ltal szervezett h\u00e1zi \u00f6sszej\u00f6veteleken l\u00e9pett fel, majd hamarosan t\u00f6bb szabadt\u00e9ri rendezv\u00e9nyen \u00e9s el\u0151ad\u00f3i esteken \u00e9nekelt, megmutatva temperamentumos el\u0151ad\u00f3i k\u00e9pess\u00e9geit. A kor\u00e1bbi zenei &#8220;\u00e1llom\u00e1sait&#8221; kiss\u00e9 m\u00f3dos\u00edtva, 2012-ben l\u00e9pett be a Kantrij\u00f3ba \u00e9s k\u00f3stolt bele a country vil\u00e1g\u00e1ba. Hangj\u00e1val, temperamentum\u00e1val sokkal sz\u00ednesebb lett a zenekar. H\u00e1rom \u00e9v k\u00f6z\u00f6s munka ut\u00e1n, f\u0151leg kismamai &#8220;karrierje&#8221; miatt l\u00e9pett ki a zenekarb\u00f3l, vagy mondhatni, hogy felf\u00fcggesztette a Kantrij\u00f3t. K\u00f6zben 2016-ban tev\u0151legesen r\u00e9szt v\u00e1llalt a zenekar harmadik CD-j\u00e9nek elk\u00e9sz\u00edt\u00e9s\u00e9ben. 2021-t\u0151l \u00fajra oszlopos tagja a zenekarnak, ezzel megt\u00f6rve a f\u00e9rfi &#8220;hegem\u00f3ni\u00e1t&#8221;.Countrys hangj\u00e1val \u00fajra elj\u00e1tszhat\u00f3k azok a dalok, melyekre \u00c9va hi\u00e1ny\u00e1ban nem, vagy nehezen volt lehet\u0151s\u00e9g\u00fcnk \u00e9s nem mell\u00e9kesen &#8220;sz\u00ednesebb&#8221; lett a Kantrij\u00f3 sz\u00ednpadk\u00e9pe! K\u00f6zgazd\u00e1sz. Egy biztos\u00edt\u00e1si alkusz ter\u00fcleti k\u00e9pvisel\u0151je.<\/span><\/div>\n<div>\n<div>&nbsp;<\/div>\n<div><strong style=\"font-family: Arial; font-size: small; color: initial;\">6, TIK\u00c1SZ S\u00c1NDOR<\/strong><span style=\"font-family: Arial; font-size: small; color: initial;\">: git\u00e1r<\/span><\/div>\n<div>\n<div><span style=\"font-family: Arial; font-size: small;\">2023 nyar\u00e1t\u00f3l nagy \u00f6r\u00f6m\u00fcnkre Tik\u00e1sz S\u00e1ndor er\u0151s\u00edti a zenekart, belek\u00f3stolva a country zenei vil\u00e1g\u00e1ba. Debrecen egyik legismertebb rock \u00e9s blues git\u00e1rosa. Alap\u00edt\u00f3ja a Lux \u00e9s a Debrecen Dixieland Jazz Band zenekaroknak. Ezeken t\u00fal, m\u00e9g sz\u00e1mtalan form\u00e1ci\u00f3nak seg\u00edt szakmai tud\u00e1s\u00e1val, tapasztalataival<\/span><\/div>\n<div>\n<div>&nbsp;<\/div>\n<div><strong style=\"font-family: Arial; font-size: small; color: initial;\">7, \u00c1RVAI J\u00c1NOS<\/strong><span style=\"font-family: Arial; font-size: small; color: initial;\">: git\u00e1r<\/span><\/div>\n<div>\n<div><span style=\"font-family: Arial; font-size: small;\">\u00c1rvai Jancsi r\u00e9gi-r\u00e9gi zen\u00e9sz bar\u00e1tunk. A 2000 es \u00e9vek elej\u00e9n nagy \u201em\u0171vel\u0151je\u201d volt a Shadows egy. m\u0171sor\u00e1nak, ami t\u00f6bb \u00e9ves egy\u00fctt zen\u00e9l\u00e9st jelentett vele.  2019 ben m\u00e1r volt tagja a Kantrij\u00f3nak. N\u00e9h\u00e1ny \u00e9v kihagy\u00e1s ut\u00e1n, 2024 ben igazolt vissza<\/span><\/div>\n<div>\n<div>&nbsp;<\/div>\n<div>&nbsp;<\/div>\n<div><span style=\"font-family: Arial; font-size: small;\">A Kantrij\u00f3 zenekar zen\u00e9sz bar\u00e1tai, akik k\u00f6zrem\u0171k\u00f6dtek a zenekar &#8220;P\u00e1trij\u00f3&#8221; c. lemez\u00e9nek felv\u00e9telein&nbsp;\u00e9s akik alkalmank\u00e9nt segitik a zenekart koncertjein.<\/span><\/div>\n<div><span style=\"font-family: Arial; font-size: small;\">&#8211; Dr Bal\u00e1zs J\u00f3zsef: heged\u0171.<\/span><\/div>\n<div><span style=\"font-family: Arial; font-size: small;\">&#8211; Pik\u00f3 S\u00e1ndor: sz\u00e1jharmonika.<\/span><\/div>\n<div><span style=\"font-family: Arial; font-size: small;\">&#8211; Sz\u00f6ll\u0151si Tibor: akusztikus git\u00e1r, mandolin.<\/span><\/div>\n<div>&nbsp;<\/div>\n<div>&nbsp;<\/div>\n<div><span style=\"font-family: Arial; font-size: small;\">Zen\u00e9sz koll\u00e9g\u00e1ink, bar\u00e1taink, akik valaha tagjai voltak a Kantrij\u00f3nak<\/span><\/div>\n<div><span style=\"font-family: Arial; font-size: small;\">&#8211; CZIFR\u00c1K ANDR\u00c1S 2002 \u2013 2011 ig. Zenekarunk alap\u00edt\u00f3ja, zene \u00e9s sz\u00f6veg\u00edr\u00f3ja, front embere, \u00e9nekese, sz\u00e1jharmonik\u00e1sa. 2011 ben elhunyt!<\/span><\/div>\n<div><span style=\"font-family: Arial; font-size: small;\">&#8211; Czegl\u00e9dy Csaba 2002 -2004. Akusztikus git\u00e1r.<\/span><\/div>\n<div><span style=\"font-family: Arial; font-size: small;\">&#8211; Kocsis G\u00e9za 2004 \u2013 2009. Akusztikus git\u00e1r. 2013 ban elhunyt.<\/span><\/div>\n<div><span style=\"font-family: Arial; font-size: small;\">&#8211; R\u00e1bold Elek 2004 \u2013 2012. K\u00eds\u00e9r\u0151 git\u00e1r, slide.<\/span><\/div>\n<div><span style=\"font-family: Arial; font-size: small;\">&#8211; Papp Zolt\u00e1n 2004 \u2013 2009. K\u00eds\u00e9r\u0151 git\u00e1r. 2019 ben elhunyt.<\/span><\/div>\n<div><span style=\"font-family: Arial; font-size: small;\">&#8211; K\u00fczm\u00f6s L\u00e1szl\u00f3 2008 \u2013 2015. Git\u00e1r, heged\u0171. 2019 ben elhunyt<\/span><\/div>\n<div><span style=\"font-family: Arial; font-size: small;\">&#8211; D\u00e9vai Zsolt (Luxi) 2009 \u2013 2012. Akusztikus git\u00e1r.<\/span><\/div>\n<div><span style=\"font-family: Arial; font-size: small;\">&#8211; Sz\u00e1lkai S\u00e1ndor 2009 \u2013 2011. Billenty\u0171. 2019 ben elhunyt.<\/span><\/div>\n<div><span style=\"font-family: Arial; font-size: small;\">&#8211; Dov\u00e1k Annam\u00e1ria 2012 \u2013 2015. \u00c9nek.<\/span><\/div>\n<div><span style=\"font-family: Arial; font-size: small;\">&#8211; L\u00e9tm\u00e1nyi Istv\u00e1n 2012 \u2013 2015. Git\u00e1r.<\/span><\/div>\n<div><span style=\"font-family: Arial; font-size: small;\">&#8211; Palotai Szil\u00e1rd 2016. Akusztikus git\u00e1r.<\/span><\/div>\n<div><span style=\"font-family: Arial; font-size: small;\">&#8211; Moln\u00e1r Mikl\u00f3s 2021 \u2013 2022. Heged\u0171.<\/span><\/div>\n<div><span style=\"font-family: Arial; font-size: small;\">&#8211; Vit\u00e9z Moln\u00e1r Jen\u0151 2021 \u2013 2022. Akusztikus git\u00e1r.<\/span><\/div>\n<\/div>\n<\/div>\n<\/div>\n<\/div>\n<\/div>\n<\/div>\n","protected":false},"excerpt":{"rendered":"<p>1, VARGA TIBOR (Bakter): Git\u00e1rok, \u00e9nek. Alap\u00edt\u00f3 tag (2002). &#8220;Bakter&#8221; a csapat m\u00f3ka \u00e9s pincemestere. Els\u0151 zenekara az aba\u00fajsz\u00e1nt\u00f3i Zent\u00f3 egy\u00fcttes volt. K\u00e9s\u0151bb j\u00e1tszott a legend\u00e1s aba\u00faj &#8211; zempl\u00e9ni El &#8211; Loco egy\u00fcttesben is. Szabadidej\u00e9ben git\u00e1rsz\u00f3l\u00f3t \u00e9s borsz\u0151l\u0151t m\u0171vel, teh\u00e1t bor\u00e1szkodik. Vas\u00fattechnikus, Aba\u00fajsz\u00e1nt\u00f3n \u00e9l. &nbsp; 2, T\u00d3TH IMRE: Basszusgit\u00e1r, \u00e9nek. A Kantrij\u00f3ban 2004-t\u0151l j\u00e1tszik. Imi [&hellip;]<\/p>\n","protected":false},"author":1,"featured_media":0,"parent":0,"menu_order":0,"comment_status":"closed","ping_status":"closed","template":"","meta":[],"_links":{"self":[{"href":"https:\/\/kantrijo.hu\/index.php?rest_route=\/wp\/v2\/pages\/12"}],"collection":[{"href":"https:\/\/kantrijo.hu\/index.php?rest_route=\/wp\/v2\/pages"}],"about":[{"href":"https:\/\/kantrijo.hu\/index.php?rest_route=\/wp\/v2\/types\/page"}],"author":[{"embeddable":true,"href":"https:\/\/kantrijo.hu\/index.php?rest_route=\/wp\/v2\/users\/1"}],"replies":[{"embeddable":true,"href":"https:\/\/kantrijo.hu\/index.php?rest_route=%2Fwp%2Fv2%2Fcomments&post=12"}],"version-history":[{"count":16,"href":"https:\/\/kantrijo.hu\/index.php?rest_route=\/wp\/v2\/pages\/12\/revisions"}],"predecessor-version":[{"id":520,"href":"https:\/\/kantrijo.hu\/index.php?rest_route=\/wp\/v2\/pages\/12\/revisions\/520"}],"wp:attachment":[{"href":"https:\/\/kantrijo.hu\/index.php?rest_route=%2Fwp%2Fv2%2Fmedia&parent=12"}],"curies":[{"name":"wp","href":"https:\/\/api.w.org\/{rel}","templated":true}]}}