{"id":13,"date":"2017-03-29T19:42:08","date_gmt":"2017-03-29T19:42:08","guid":{"rendered":"http:\/\/kantrijo.hu\/?page_id=13"},"modified":"2025-09-27T12:44:33","modified_gmt":"2025-09-27T12:44:33","slug":"koncertek","status":"publish","type":"page","link":"https:\/\/kantrijo.hu\/?page_id=13","title":{"rendered":"Koncertek"},"content":{"rendered":"<style type=\"text\/css\"><span data-mce-type=\"bookmark\" style=\"display: inline-block; width: 0px; overflow: hidden; line-height: 0;\" class=\"mce_SELRES_start\">\ufeff<\/span><br \/>\n  table,td,th  {border:0px}<br \/><\/style>\n<table width=\"680\">\n<tbody>\n<tr>\n<td width=\"151\"><strong>2003.<\/strong><\/td>\n<td width=\"529\"><strong>MOGYOR\u00d3SKA \/ P\u00c1TRIA NAPOK \u2013 PLAY B.<\/strong><\/td>\n<\/tr>\n<tr>\n<td width=\"151\"><strong>2004.&nbsp;&nbsp;&nbsp;&nbsp;&nbsp;&nbsp;&nbsp;&nbsp;&nbsp;&nbsp;&nbsp; &nbsp;&nbsp;&nbsp;&nbsp;&nbsp;&nbsp;&nbsp;&nbsp;<\/strong><\/td>\n<td width=\"529\"><strong>MOGYOR\u00d3SKA \/ P\u00c1TRIA NAPOK \u2013 PLAY B.<\/strong><\/td>\n<\/tr>\n<tr>\n<td width=\"151\"><strong>2005. J\u00daL. 9.&nbsp;&nbsp;&nbsp;&nbsp;&nbsp;&nbsp; &nbsp;<\/strong><\/td>\n<td width=\"529\"><strong>MOGYOR\u00d3SKA \/ P\u00c1TRIA NAPOK \u2013 \u00bd PLAY B.<\/strong><\/td>\n<\/tr>\n<tr>\n<td width=\"151\"><strong>2006. J\u00daL. 8.&nbsp;&nbsp;&nbsp;&nbsp;&nbsp;&nbsp;&nbsp; <\/strong><\/td>\n<td width=\"529\"><strong>MOGYOR\u00d3SKA \/ P\u00c1TRIA NAPOK<\/strong><\/td>\n<\/tr>\n<tr>\n<td width=\"151\"><strong>2006. AUG. 5.&nbsp;&nbsp;&nbsp;&nbsp;&nbsp;&nbsp;&nbsp; <\/strong><\/td>\n<td width=\"529\"><strong>LENGYELORSZ\u00c1G \/ LIMANOVA<\/strong><\/td>\n<\/tr>\n<tr>\n<td width=\"151\"><strong>2006. AUG. 26.&nbsp;&nbsp;&nbsp;&nbsp;&nbsp; <\/strong><\/td>\n<td width=\"529\"><strong>ROM\u00c1NIA \/ NAGYK\u00c1ROLY \u2013 K\u00c1ROLY NAPOK<\/strong><\/td>\n<\/tr>\n<tr>\n<td width=\"151\"><strong>2006. SZEPT. 23.&nbsp; <\/strong><\/td>\n<td width=\"529\"><strong>ABA\u00daJSZ\u00c1NT\u00d3 \u2013 SZ\u00dcRETI B\u00c1L<\/strong><\/td>\n<\/tr>\n<tr>\n<td width=\"151\"><strong>&nbsp;<\/strong><\/td>\n<td width=\"529\"><strong>&nbsp;<\/strong><\/td>\n<\/tr>\n<tr>\n<td width=\"151\"><strong>2007. J\u00daN. 10.&nbsp;&nbsp;&nbsp;&nbsp;&nbsp; <\/strong><\/td>\n<td width=\"529\"><strong>DEBRECEN \/ PULYKA NAPOK<\/strong><\/td>\n<\/tr>\n<tr>\n<td width=\"151\"><strong>2007. J\u00daN. 15.&nbsp;&nbsp;&nbsp;&nbsp;&nbsp; <\/strong><\/td>\n<td width=\"529\"><strong>G\u00d6NC \/ V\u00c1ROSNAPOK<\/strong><\/td>\n<\/tr>\n<tr>\n<td width=\"151\"><strong>2007. J\u00daL. 1.&nbsp; &nbsp;&nbsp;&nbsp;&nbsp;&nbsp;&nbsp;&nbsp;<\/strong><\/td>\n<td width=\"529\"><strong>NYIRB\u00c1TOR \/ ORSZ\u00c1GOS MOTOROS TAL\u00c1LKOZ\u00d3<\/strong><\/td>\n<\/tr>\n<tr>\n<td width=\"151\"><strong>2007. J\u00daL. 21.&nbsp;&nbsp;&nbsp;&nbsp;&nbsp;&nbsp; <\/strong><\/td>\n<td width=\"529\"><strong>MOGYOR\u00d3SKA \/ P\u00c1TRIA NAPOK<\/strong><\/td>\n<\/tr>\n<tr>\n<td width=\"151\"><strong>2007. AUG. 3.&nbsp;&nbsp;&nbsp;&nbsp;&nbsp;&nbsp;&nbsp; <\/strong><\/td>\n<td width=\"529\"><strong>DEBRECEN \/ BORKARNEV\u00c1L<\/strong><\/td>\n<\/tr>\n<tr>\n<td width=\"151\"><strong>2007. AUG. 3.&nbsp;&nbsp;&nbsp;&nbsp;&nbsp;&nbsp;&nbsp; <\/strong><\/td>\n<td width=\"529\"><strong>DERECSKE \/ V\u00c1ROSNAPOK<\/strong><\/td>\n<\/tr>\n<tr>\n<td width=\"151\"><strong>2007. AUG. 19.&nbsp;&nbsp;&nbsp;&nbsp;&nbsp; <\/strong><\/td>\n<td width=\"529\"><strong>ENCS \/ V\u00c1ROSNAPOK<\/strong><\/td>\n<\/tr>\n<tr>\n<td width=\"151\"><strong>2007. SZEPT. 29.&nbsp; <\/strong><\/td>\n<td width=\"529\"><strong>G\u00d6NC \/ OTP JUBIELUMI RENDEZV\u00c9NY<\/strong><\/td>\n<\/tr>\n<tr>\n<td width=\"151\"><strong>&nbsp;<\/strong><\/td>\n<td width=\"529\"><strong>&nbsp;<\/strong><\/td>\n<\/tr>\n<tr>\n<td width=\"151\"><strong>2008. J\u00daN. 28.&nbsp;&nbsp;&nbsp;&nbsp;&nbsp; <\/strong><\/td>\n<td width=\"529\"><strong>SZLOV\u00c1KIA \/ SEPSI \u2013 V\u00c1ROSNAPOK<\/strong><\/td>\n<\/tr>\n<tr>\n<td width=\"151\"><strong>2008. J\u00daN. 28.&nbsp;&nbsp;&nbsp;&nbsp;&nbsp; <\/strong><\/td>\n<td width=\"529\"><strong>G\u00d6NC \/ F\u0150T\u00c9RI RENDEZV\u00c9NY<\/strong><\/td>\n<\/tr>\n<tr>\n<td width=\"151\"><strong>2008. J\u00daL. 12.&nbsp;&nbsp;&nbsp;&nbsp;&nbsp;&nbsp; <\/strong><\/td>\n<td width=\"529\"><strong>MOGYOR\u00d3SKA \/ P\u00c1TRIA NAPOK<\/strong><\/td>\n<\/tr>\n<tr>\n<td width=\"151\"><strong>2008. J\u00daL. 19.&nbsp;&nbsp;&nbsp;&nbsp;&nbsp;&nbsp; <\/strong><\/td>\n<td width=\"529\"><strong>VEKERI T\u00d3<\/strong><\/td>\n<\/tr>\n<tr>\n<td width=\"151\"><strong>2008. AUG. 8.&nbsp;&nbsp;&nbsp;&nbsp;&nbsp;&nbsp;&nbsp; <\/strong><\/td>\n<td width=\"529\"><strong>MIKEP\u00c9RCS<\/strong><\/td>\n<\/tr>\n<tr>\n<td width=\"151\"><strong>2008. SZEPT. 27.&nbsp; <\/strong><\/td>\n<td width=\"529\"><strong>G\u00d6NC \/ V\u00c1ROSNAPOK<\/strong><\/td>\n<\/tr>\n<tr>\n<td width=\"151\"><strong>&nbsp;<\/strong><\/td>\n<td width=\"529\"><strong>&nbsp;<\/strong><\/td>\n<\/tr>\n<tr>\n<td width=\"151\"><strong>2009. J\u00daL. 11.&nbsp;&nbsp;&nbsp;&nbsp;&nbsp;&nbsp; <\/strong><\/td>\n<td width=\"529\"><strong>MOGYOR\u00d3SKA \/ P\u00c1TRIA NAPOK<\/strong><\/td>\n<\/tr>\n<tr>\n<td width=\"151\"><strong>2009. AUG. 15.&nbsp;&nbsp;&nbsp;&nbsp;&nbsp; <\/strong><\/td>\n<td width=\"529\"><strong>SZLOV\u00c1KIA \/ KASSA \u2013 COUNTRY FESZTIV\u00c1L<\/strong><\/td>\n<\/tr>\n<tr>\n<td width=\"151\"><strong>2009. SZEPT. 12.&nbsp;&nbsp; <\/strong><\/td>\n<td width=\"529\"><strong>DEBRECEN \/ T\u00d6LT\u00d6TT \u00c9TELEK H\u00c9TV\u00c9G\u00c9JE<\/strong><\/td>\n<\/tr>\n<tr>\n<td width=\"151\"><strong>2009. SZEPT. 26.&nbsp; <\/strong><\/td>\n<td width=\"529\"><strong>G\u00d6NC \/ V\u00c1ROSNAPOK<\/strong><\/td>\n<\/tr>\n<tr>\n<td width=\"151\"><strong>&nbsp;<\/strong><\/td>\n<td width=\"529\"><strong>&nbsp;<\/strong><\/td>\n<\/tr>\n<tr>\n<td width=\"151\"><strong>2010. J\u00daN. 06.&nbsp;&nbsp;&nbsp;&nbsp;&nbsp;&nbsp; <\/strong><\/td>\n<td width=\"529\"><strong>NAGYSZ\u00c9N\u00c1S<\/strong><\/td>\n<\/tr>\n<tr>\n<td width=\"151\"><strong>2010. J\u00daN. 12.&nbsp;&nbsp;&nbsp;&nbsp;&nbsp;&nbsp; <\/strong><\/td>\n<td width=\"529\"><strong>DEBRECEN \/ PULYKA NAPOK<\/strong><\/td>\n<\/tr>\n<tr>\n<td width=\"151\"><strong>2010. J\u00daL. 10. &nbsp;&nbsp;&nbsp;&nbsp;&nbsp;&nbsp;<\/strong><\/td>\n<td width=\"529\"><strong>MOGYOR\u00d3SKA \/ P\u00c1TRIA NAPOK<\/strong><\/td>\n<\/tr>\n<tr>\n<td width=\"151\"><strong>2010. AUG. 14.&nbsp;&nbsp;&nbsp;&nbsp;&nbsp;&nbsp; <\/strong><\/td>\n<td width=\"529\"><strong>HIDASN\u00c9METI<\/strong><\/td>\n<\/tr>\n<tr>\n<td width=\"151\"><strong>2010. AUG. 28.&nbsp;&nbsp;&nbsp;&nbsp;&nbsp;&nbsp; <\/strong><\/td>\n<td width=\"529\"><strong>SZLOV\u00c1KIA \/ KASSA \/ COUNTRY FESZTIV\u00c1L<\/strong><\/td>\n<\/tr>\n<tr>\n<td width=\"151\"><strong>2010. SZEPT.05.&nbsp;&nbsp;&nbsp;&nbsp; <\/strong><\/td>\n<td width=\"529\"><strong>DEBRECEN \/ T\u00d6LT\u00d6TT \u00c9TELEK H\u00c9TV\u00c9G\u00c9JE<\/strong><\/td>\n<\/tr>\n<tr>\n<td width=\"151\"><strong>2010. SZEPT.11.&nbsp;&nbsp;&nbsp;&nbsp; <\/strong><\/td>\n<td width=\"529\"><strong>SZLOV\u00c1KIA \/ KASSA \/ BORKARNEV\u00c1L<\/strong><\/td>\n<\/tr>\n<tr>\n<td width=\"151\"><strong>2010. SZEPT.18.&nbsp;&nbsp;&nbsp;&nbsp; <\/strong><\/td>\n<td width=\"529\"><strong>BOLDOGK\u0150V\u00c1RALJA<\/strong><\/td>\n<\/tr>\n<tr>\n<td width=\"151\"><strong>2010. SZEPT.25.&nbsp;&nbsp;&nbsp;&nbsp; <\/strong><\/td>\n<td width=\"529\"><strong>G\u00d6NC \/ V\u00c1ROSNAPOK<\/strong><\/td>\n<\/tr>\n<tr>\n<td width=\"151\"><strong>2010. NOV. 27.&nbsp;&nbsp;&nbsp;&nbsp;&nbsp;&nbsp;&nbsp; <\/strong><\/td>\n<td width=\"529\"><strong>DEBRECEN \/ LEMEZBEMUTAT\u00d3 KONCERT<\/strong><\/td>\n<\/tr>\n<tr>\n<td width=\"151\"><strong>&nbsp;<\/strong><\/td>\n<td width=\"529\"><strong>&nbsp;<\/strong><\/td>\n<\/tr>\n<tr>\n<td width=\"151\"><strong>2011. 01. 08.&nbsp;&nbsp;&nbsp;&nbsp;&nbsp;&nbsp;&nbsp;&nbsp;&nbsp;&nbsp; <\/strong><\/td>\n<td width=\"529\"><strong>NY\u00cdRADONY \/ V\u00c1ROS NAPJA<\/strong><\/td>\n<\/tr>\n<tr>\n<td width=\"151\"><strong>2011. 05. 21.&nbsp;&nbsp;&nbsp;&nbsp;&nbsp;&nbsp;&nbsp;&nbsp;&nbsp;&nbsp; <\/strong><\/td>\n<td width=\"529\"><strong>ABA\u00daJSZ\u00c1NT\u00d3 \/ IV\u00d3 NAPJA<\/strong><\/td>\n<\/tr>\n<tr>\n<td width=\"151\"><strong>2011. 06. 12.&nbsp;&nbsp;&nbsp;&nbsp;&nbsp;&nbsp;&nbsp;&nbsp;&nbsp;&nbsp; <\/strong><\/td>\n<td width=\"529\"><strong>DEBRECEN \/ PULYKA NAPOK<\/strong><\/td>\n<\/tr>\n<tr>\n<td width=\"151\"><strong>2011. 07. 15. &nbsp;&nbsp;&nbsp;&nbsp;&nbsp;&nbsp;<\/strong><\/td>\n<td width=\"529\"><strong>DEBRECEN \/ CIVIS KORZ\u00d3\u2026\u2026\u2026\u2026\u2026\u2026.\u2026ELMARADT<\/strong><\/td>\n<\/tr>\n<\/tbody>\n<\/table>\n<p><strong>&nbsp;<\/strong><strong>&nbsp;<\/strong><\/p>\n<table width=\"680\">\n<tbody>\n<tr>\n<td width=\"151\">\n<h4><strong>2011. 07. 16.<\/strong><\/h4>\n<\/td>\n<td width=\"529\">\n<h4><strong>BANDI TEMET\u00c9SE<\/strong><\/h4>\n<\/td>\n<\/tr>\n<\/tbody>\n<\/table>\n<p><strong>&nbsp;<\/strong><strong>&nbsp;<\/strong><\/p>\n<table width=\"680\">\n<tbody>\n<tr>\n<td width=\"151\"><strong>2011. 07. 23.&nbsp;&nbsp;&nbsp;&nbsp;&nbsp;&nbsp;&nbsp; <\/strong><\/td>\n<td width=\"529\"><strong>MOGYOR\u00d3SKA \/ P\u00c1TRIA NAPOK\u2026\u2026\u2026\u2026.ELMARADT<\/strong><\/td>\n<\/tr>\n<tr>\n<td width=\"151\"><strong>&nbsp;<\/strong><\/td>\n<td width=\"529\"><strong>&nbsp;<\/strong><\/td>\n<\/tr>\n<tr>\n<td width=\"151\"><strong>2012. 06. 10.&nbsp;&nbsp;&nbsp;&nbsp;&nbsp;&nbsp;&nbsp;&nbsp;&nbsp;&nbsp; <\/strong><\/td>\n<td width=\"529\"><strong>DEBRECEN \/ PULYKA NAPOK<\/strong><\/td>\n<\/tr>\n<tr>\n<td width=\"151\"><strong>2012. 06. 22.&nbsp;&nbsp;&nbsp;&nbsp;&nbsp;&nbsp;&nbsp;&nbsp;&nbsp;&nbsp; <\/strong><\/td>\n<td width=\"529\"><strong>VEKERI TAVI ROCK FESZTIV\u00c1L<\/strong><\/td>\n<\/tr>\n<tr>\n<td width=\"151\"><strong>2012. 06. 30.&nbsp;&nbsp;&nbsp;&nbsp;&nbsp;&nbsp;&nbsp;&nbsp;&nbsp;&nbsp; <\/strong><\/td>\n<td width=\"529\"><strong>G\u00d6NC \/ T\u00c9RS\u00c9GI KULTUR\u00c1LIS TAL\u00c1LKOZ\u00d3<\/strong><\/td>\n<\/tr>\n<tr>\n<td width=\"151\"><strong>2012. 08. 04.&nbsp;&nbsp;&nbsp;&nbsp;&nbsp;&nbsp;&nbsp;&nbsp;&nbsp; &nbsp;<\/strong><\/td>\n<td width=\"529\"><strong>BEREKB\u00d6SZ\u00d6RM\u00c9NY \/ FALUNAP<\/strong><\/td>\n<\/tr>\n<tr>\n<td width=\"151\"><strong>2012. 08. 26.&nbsp;&nbsp;&nbsp;&nbsp;&nbsp;&nbsp;&nbsp;&nbsp;&nbsp;&nbsp; <\/strong><\/td>\n<td width=\"529\"><strong>MIGL\u00c9C (SZLOV\u00c1KIA) \/ MIGL\u00c9CI PATK\u00d3DOBOG\u00c1S<\/strong><\/td>\n<\/tr>\n<tr>\n<td width=\"151\"><strong>2012. 09. 15.&nbsp;&nbsp;&nbsp;&nbsp;&nbsp;&nbsp;&nbsp;&nbsp;&nbsp;&nbsp; <\/strong><\/td>\n<td width=\"529\"><strong>HAJD\u00daB\u00d6SZ\u00d6RM\u00c9NY \/ BEZERMENI VIGASS\u00c1GOK<\/strong><\/td>\n<\/tr>\n<tr>\n<td width=\"151\"><strong>2012. 09. 22.&nbsp;&nbsp;&nbsp;&nbsp;&nbsp;&nbsp;&nbsp;&nbsp;&nbsp;&nbsp; <\/strong><\/td>\n<td width=\"529\"><strong>V\u00c1NCSOD \/ \u0150SZK\u00d6SZ\u00d6NT\u0150 FESZTIV\u00c1L<\/strong><\/td>\n<\/tr>\n<tr>\n<td width=\"151\"><strong>&nbsp;<\/strong><\/td>\n<td width=\"529\"><strong>&nbsp;<\/strong><\/td>\n<\/tr>\n<tr>\n<td width=\"151\"><strong>2013. 06. 09.&nbsp;&nbsp;&nbsp;&nbsp;&nbsp;&nbsp;&nbsp;&nbsp;&nbsp;&nbsp; <\/strong><\/td>\n<td width=\"529\"><strong>DEBRECEN \/ PULYKA NAPOK<\/strong><\/td>\n<\/tr>\n<tr>\n<td width=\"151\"><strong>2013. 08. 18.&nbsp;&nbsp;&nbsp;&nbsp;&nbsp;&nbsp;&nbsp;&nbsp;&nbsp;&nbsp; <\/strong><\/td>\n<td width=\"529\"><strong>DEBRECEN \/ LILLA B\u00c1R<\/strong><\/td>\n<\/tr>\n<tr>\n<td width=\"151\"><strong>2013. 09. 07.&nbsp;&nbsp;&nbsp;&nbsp;&nbsp;&nbsp;&nbsp;&nbsp;&nbsp;&nbsp; <\/strong><\/td>\n<td width=\"529\"><strong>HAJD\u00daB\u00d6SZ\u00d6RM\u00c9NY \/ BEZERMENI VIGASS\u00c1GOK<\/strong><\/td>\n<\/tr>\n<tr>\n<td width=\"151\"><strong>2013. 10. 22.&nbsp;&nbsp;&nbsp;&nbsp;&nbsp;&nbsp;&nbsp;&nbsp;&nbsp;&nbsp; <\/strong><\/td>\n<td width=\"529\"><strong>DEBRECEN \/ EAST \u2013 WEST COUNTRY PARTY<\/strong><\/td>\n<\/tr>\n<tr>\n<td width=\"151\"><strong>2013. 10. 24.&nbsp;&nbsp;&nbsp;&nbsp;&nbsp;&nbsp;&nbsp;&nbsp;&nbsp;&nbsp; <\/strong><\/td>\n<td width=\"529\"><strong>DEBRECEN \/ HALLOWEEN PARTY<\/strong><\/td>\n<\/tr>\n<tr>\n<td width=\"151\"><strong>2013. 11. 10.&nbsp;&nbsp;&nbsp;&nbsp;&nbsp;&nbsp;&nbsp;&nbsp;&nbsp;&nbsp; <\/strong><\/td>\n<td width=\"529\"><strong>DEBRECEN \/ M\u00c1RTON NAP<\/strong><\/td>\n<\/tr>\n<tr>\n<td width=\"151\"><strong>&nbsp;<\/strong><\/td>\n<td width=\"529\"><strong>&nbsp;<\/strong><\/td>\n<\/tr>\n<tr>\n<td width=\"151\"><strong>2014. 02. 21.&nbsp;&nbsp;&nbsp;&nbsp;&nbsp;&nbsp;&nbsp;&nbsp;&nbsp;&nbsp; <\/strong><\/td>\n<td width=\"529\"><strong>ROCK FARSANG \/ VOJTINA B\u00c1BSZINH\u00c1Z<\/strong><\/td>\n<\/tr>\n<tr>\n<td width=\"151\"><strong>2014. 02. 28.&nbsp;&nbsp;&nbsp;&nbsp;&nbsp;&nbsp;&nbsp;&nbsp;&nbsp;&nbsp; <\/strong><\/td>\n<td width=\"529\"><strong>DEBRECEN \/ VIKT\u00d3RIA \u00c9TTEREM<\/strong><\/td>\n<\/tr>\n<tr>\n<td width=\"151\"><strong>2014. 06. 01.&nbsp;&nbsp;&nbsp;&nbsp;&nbsp;&nbsp;&nbsp;&nbsp;&nbsp;&nbsp; <\/strong><\/td>\n<td width=\"529\"><strong>DEBRECEN \/ PULYKA NAPOK<\/strong><\/td>\n<\/tr>\n<tr>\n<td width=\"151\"><strong>2014. 08. 01.&nbsp;&nbsp;&nbsp;&nbsp;&nbsp;&nbsp;&nbsp;&nbsp;&nbsp;&nbsp; <\/strong><\/td>\n<td width=\"529\"><strong>ABA\u00daJSZ\u00c1NT\u00d3 \/ CZIFR\u00c1K ANDR\u00c1S EML\u00c9KKONCERT<\/strong><\/td>\n<\/tr>\n<tr>\n<td width=\"151\"><strong>2014. 09. 07.&nbsp;&nbsp;&nbsp;&nbsp;&nbsp;&nbsp;&nbsp;&nbsp;&nbsp;&nbsp; <\/strong><\/td>\n<td width=\"529\"><strong>T\u00d6LT\u00d6TT \u00c9TELEK H\u00c9TV\u00c9G\u00c9JE<\/strong><\/td>\n<\/tr>\n<\/tbody>\n<\/table>\n<p><strong>&nbsp;<\/strong><strong>2015<em> A SZ\u00c9TV\u00c1L\u00c1S \u00c9VE. BAKTER 2014 \u0150SZ\u00c9N, SANYI 2015 \u00c9V ELEJ\u00c9N, IMRE 2015 NYAR\u00c1N KIV\u00c1LIK A KOR\u00c1BBI FORM\u00c1CI\u00d3B\u00d3L.<\/em><\/strong><\/p>\n<table width=\"680\">\n<tbody>\n<tr>\n<td width=\"151\"><strong>2016. 06. 04.&nbsp;&nbsp;&nbsp;&nbsp;&nbsp;&nbsp;&nbsp;&nbsp;&nbsp;&nbsp; <\/strong><\/td>\n<td width=\"529\"><strong>PULYKANAPOK \/ CZIFR\u00c1K ANDR\u00c1S EML\u00c9KKONCERT<\/strong><\/td>\n<\/tr>\n<tr>\n<td width=\"151\"><strong>&nbsp;<\/strong><\/td>\n<td width=\"529\"><strong>&nbsp;<\/strong><\/td>\n<\/tr>\n<tr>\n<td width=\"151\"><strong>2018. 11. 11.&nbsp;&nbsp;&nbsp;&nbsp;&nbsp;&nbsp;&nbsp;&nbsp;&nbsp;&nbsp; <\/strong><\/td>\n<td width=\"529\"><strong>DEBRECEN \/ M\u00c1RTON NAP<\/strong><\/td>\n<\/tr>\n<tr>\n<td width=\"151\"><strong>&nbsp;<\/strong><\/td>\n<td width=\"529\"><strong>&nbsp;<\/strong><\/td>\n<\/tr>\n<tr>\n<td width=\"151\"><strong>2019. 03. 23.&nbsp;&nbsp;&nbsp;&nbsp;&nbsp;&nbsp;&nbsp;&nbsp;&nbsp;&nbsp; <\/strong><\/td>\n<td width=\"529\"><strong>M\u00c1D \/ ZEOMINERAL NAP<\/strong><\/td>\n<\/tr>\n<tr>\n<td width=\"151\"><strong>2019. 05. 04.&nbsp;&nbsp;&nbsp;&nbsp;&nbsp;&nbsp;&nbsp;&nbsp;&nbsp;&nbsp; <\/strong><\/td>\n<td width=\"529\"><strong>DEBRECEN \/ PULYKA NAPOK<\/strong><\/td>\n<\/tr>\n<tr>\n<td width=\"151\"><strong>2019. 06. 30.&nbsp;&nbsp;&nbsp;&nbsp;&nbsp;&nbsp;&nbsp;&nbsp;&nbsp;&nbsp; <\/strong><\/td>\n<td width=\"529\"><strong>NY\u00cdRADONY \/ LIGETALJAI NAPOK<\/strong><\/td>\n<\/tr>\n<tr>\n<td width=\"151\"><strong>&nbsp;<\/strong><\/td>\n<td width=\"529\"><strong>&nbsp;<\/strong><\/td>\n<\/tr>\n<tr>\n<td width=\"151\"><strong>2021. 08. 13.&nbsp;&nbsp;&nbsp;&nbsp;&nbsp;&nbsp;&nbsp;&nbsp;&nbsp;&nbsp; <\/strong><\/td>\n<td width=\"529\"><strong>DEBRECENI IFJ\u00daS\u00c1GI H\u00c1Z &#8211; Czifr\u00e1k Andr\u00e1s eml\u00e9k koncert<\/strong><\/td>\n<\/tr>\n<tr>\n<td width=\"151\"><strong>2022. 07. 09.&nbsp;&nbsp;&nbsp;&nbsp;&nbsp;&nbsp;&nbsp;&nbsp;&nbsp;&nbsp; <\/strong><\/td>\n<td width=\"529\"><strong>DEBRECENI AGR\u00c1R EGYETEM &#8211; Anonim alkoholist\u00e1k XXVII. Orsz\u00e1gos Tal\u00e1lkoz\u00f3ja<\/strong><br \/>\n4 \u00f3r\u00e1s retro buli<\/td>\n<\/tr>\n<tr>\n<td width=\"151\"><strong>&nbsp;<\/strong><\/td>\n<td width=\"529\"><strong>&nbsp;<\/strong><\/td>\n<\/tr>\n<tr>\n<td width=\"151\"><strong>2023. 09. 17.&nbsp;&nbsp;&nbsp;&nbsp;&nbsp;&nbsp;&nbsp;&nbsp;&nbsp;&nbsp; <\/strong><\/td>\n<td width=\"529\"><strong>DEBRECEN \/ ZAMAT FESZTIV\u00c1L<\/strong><\/td>\n<\/tr>\n<tr>\n<td width=\"151\"><strong>&nbsp;<\/strong><\/td>\n<td width=\"529\"><strong>&nbsp;<\/strong><\/td>\n<\/tr>\n<tr>\n<td width=\"151\"><strong>2024. 03. 23.&nbsp;&nbsp;&nbsp;&nbsp;&nbsp;&nbsp;&nbsp;&nbsp;&nbsp;&nbsp; <\/strong><\/td>\n<td width=\"529\"><strong>DEBRECENI IFJ\u00daS\u00c1GI H\u00c1Z &#8211; MADE IN DEBRECEN FESZTIV\u00c1L<\/strong><\/td>\n<\/tr>\n<tr>\n<td width=\"151\"><strong>2024. 09. 15.&nbsp;&nbsp;&nbsp;&nbsp;&nbsp;&nbsp;&nbsp;&nbsp;&nbsp;&nbsp; <\/strong><\/td>\n<td width=\"529\"><strong>DEBRECEN \/ ZAMAT FESZTIV\u00c1L<\/strong><\/td>\n<\/tr>\n<tr>\n<td width=\"151\"><strong>&nbsp;<\/strong><\/td>\n<td width=\"529\"><strong>&nbsp;<\/strong><\/td>\n<\/tr>\n<tr>\n<td width=\"151\"><strong>2025. 05. 25.&nbsp;&nbsp;&nbsp;&nbsp;&nbsp;&nbsp;&nbsp;&nbsp;&nbsp;&nbsp; <\/strong><\/td>\n<td width=\"529\"><strong>L\u00c9TAV\u00c9RTES \/ P\u00f6tt\u00f6m Major \/ L\u00d3k\u00f6t\u0151 Western Gyereknap<\/strong><\/td>\n<\/tr>\n<tr>\n<td width=\"151\"><strong>2025. 06. 14.&nbsp;&nbsp;&nbsp;&nbsp;&nbsp;&nbsp;&nbsp;&nbsp;&nbsp;&nbsp; <\/strong><\/td>\n<td width=\"529\"><strong>HOSSZ\u00daP\u00c1LYI \/ XXVIII. Hajd\u00fa \u2013 Bihar V\u00e1rmegyei Polg\u00e1r\u0151r Nap<\/strong><\/td>\n<\/tr>\n<tr>\n<td width=\"151\"><strong>2025. 09. 13.&nbsp;&nbsp;&nbsp;&nbsp;&nbsp;&nbsp;&nbsp;&nbsp;&nbsp;&nbsp; <\/strong><\/td>\n<td width=\"529\"><strong>DEBRECEN \/ ZAMAT FESZTIV\u00c1L<\/strong><\/td>\n<\/tr>\n<\/tbody>\n<\/table>\n<p><strong><em>&nbsp;<\/em><\/strong><\/p>\n<p><strong>&nbsp;<\/strong><\/p>\n","protected":false},"excerpt":{"rendered":"<p>2003. MOGYOR\u00d3SKA \/ P\u00c1TRIA NAPOK \u2013 PLAY B. 2004.&nbsp;&nbsp;&nbsp;&nbsp;&nbsp;&nbsp;&nbsp;&nbsp;&nbsp;&nbsp;&nbsp; &nbsp;&nbsp;&nbsp;&nbsp;&nbsp;&nbsp;&nbsp;&nbsp; MOGYOR\u00d3SKA \/ P\u00c1TRIA NAPOK \u2013 PLAY B. 2005. J\u00daL. 9.&nbsp;&nbsp;&nbsp;&nbsp;&nbsp;&nbsp; &nbsp; MOGYOR\u00d3SKA \/ P\u00c1TRIA NAPOK \u2013 \u00bd PLAY B. 2006. J\u00daL. 8.&nbsp;&nbsp;&nbsp;&nbsp;&nbsp;&nbsp;&nbsp; MOGYOR\u00d3SKA \/ P\u00c1TRIA NAPOK 2006. AUG. 5.&nbsp;&nbsp;&nbsp;&nbsp;&nbsp;&nbsp;&nbsp; LENGYELORSZ\u00c1G \/ LIMANOVA 2006. AUG. 26.&nbsp;&nbsp;&nbsp;&nbsp;&nbsp; ROM\u00c1NIA \/ NAGYK\u00c1ROLY \u2013 K\u00c1ROLY NAPOK 2006. SZEPT. 23.&nbsp; ABA\u00daJSZ\u00c1NT\u00d3 [&hellip;]<\/p>\n","protected":false},"author":1,"featured_media":0,"parent":0,"menu_order":0,"comment_status":"closed","ping_status":"closed","template":"","meta":[],"_links":{"self":[{"href":"https:\/\/kantrijo.hu\/index.php?rest_route=\/wp\/v2\/pages\/13"}],"collection":[{"href":"https:\/\/kantrijo.hu\/index.php?rest_route=\/wp\/v2\/pages"}],"about":[{"href":"https:\/\/kantrijo.hu\/index.php?rest_route=\/wp\/v2\/types\/page"}],"author":[{"embeddable":true,"href":"https:\/\/kantrijo.hu\/index.php?rest_route=\/wp\/v2\/users\/1"}],"replies":[{"embeddable":true,"href":"https:\/\/kantrijo.hu\/index.php?rest_route=%2Fwp%2Fv2%2Fcomments&post=13"}],"version-history":[{"count":19,"href":"https:\/\/kantrijo.hu\/index.php?rest_route=\/wp\/v2\/pages\/13\/revisions"}],"predecessor-version":[{"id":535,"href":"https:\/\/kantrijo.hu\/index.php?rest_route=\/wp\/v2\/pages\/13\/revisions\/535"}],"wp:attachment":[{"href":"https:\/\/kantrijo.hu\/index.php?rest_route=%2Fwp%2Fv2%2Fmedia&parent=13"}],"curies":[{"name":"wp","href":"https:\/\/api.w.org\/{rel}","templated":true}]}}