{"id":14,"date":"2017-03-29T19:42:08","date_gmt":"2017-03-29T19:42:08","guid":{"rendered":"http:\/\/kantrijo.hu\/?page_id=14"},"modified":"2018-08-10T09:16:03","modified_gmt":"2018-08-10T09:16:03","slug":"lemez","status":"publish","type":"page","link":"https:\/\/kantrijo.hu\/?page_id=14","title":{"rendered":"Lemez"},"content":{"rendered":"<style type=\"text\/css\"><span data-mce-type=\"bookmark\" style=\"display: inline-block; width: 0px; overflow: hidden; line-height: 0;\" class=\"mce_SELRES_start\"><\/span><span data-mce-type=\"bookmark\" style=\"display: inline-block; width: 0px; overflow: hidden; line-height: 0;\" class=\"mce_SELRES_start\">\ufeff<\/span>  table,td,th  {border:0px}<br \/><\/style>\n<table border=\"0\">\n<tbody>\n<tr>\n<td width=\"400\">A COUNTRY J\u00d3 (2003)<\/p>\n<ol>\n<li>Hossz\u00fa, r\u00f6g\u00f6s \u00fat<\/li>\n<li><a href=\"https:\/\/youtu.be\/eEw5AoY96fw\" target=\"_blank\" rel=\"noopener\">\u00c1llom\u00e1s \u2013 G\u0151zmozdony blues<\/a><\/li>\n<li><a href=\"https:\/\/youtu.be\/0NZLQb9UlIw\" target=\"_blank\" rel=\"noopener\">Hej, \u00f6reg tamburinos<\/a><\/li>\n<li><a href=\"https:\/\/youtu.be\/0jelAQ2kOHw\" target=\"_blank\" rel=\"noopener\">Am\u00edg csak tart az \u00e9j<\/a><\/li>\n<li>Utaz\u00f3<\/li>\n<li>L\u00e1ttam a f\u00e9nyt<\/li>\n<li>\u00c9p\u00edts\u00fcnk h\u00e1zat<\/li>\n<li>Hej, gyere velem<\/li>\n<li>Nem tudom, milyen<\/li>\n<li>S\u00f6rdal<\/li>\n<li>A k\u00f6r megbonthatatlan<\/li>\n<\/ol>\n<p>&nbsp;<\/td>\n<td><img loading=\"lazy\" class=\"size-medium wp-image-275 alignright\" src=\"http:\/\/kantrijo.hu\/wp-content\/uploads\/2018\/08\/bor\u00edt\u00f3bels\u0151-300x140.jpg\" alt=\"\" width=\"300\" height=\"140\" srcset=\"https:\/\/kantrijo.hu\/wp-content\/uploads\/2018\/08\/bor\u00edt\u00f3bels\u0151-300x140.jpg 300w, https:\/\/kantrijo.hu\/wp-content\/uploads\/2018\/08\/bor\u00edt\u00f3bels\u0151-768x358.jpg 768w, https:\/\/kantrijo.hu\/wp-content\/uploads\/2018\/08\/bor\u00edt\u00f3bels\u0151.jpg 915w\" sizes=\"(max-width: 300px) 100vw, 300px\" \/><img loading=\"lazy\" class=\"wp-image-274 alignright\" src=\"http:\/\/kantrijo.hu\/wp-content\/uploads\/2018\/08\/bor\u00edt\u00f3-300x148.jpg\" alt=\"\" width=\"300\" height=\"148\" srcset=\"https:\/\/kantrijo.hu\/wp-content\/uploads\/2018\/08\/bor\u00edt\u00f3-300x148.jpg 300w, https:\/\/kantrijo.hu\/wp-content\/uploads\/2018\/08\/bor\u00edt\u00f3-768x379.jpg 768w, https:\/\/kantrijo.hu\/wp-content\/uploads\/2018\/08\/bor\u00edt\u00f3.jpg 960w\" sizes=\"(max-width: 300px) 100vw, 300px\" \/><\/td>\n<\/tr>\n<tr>\n<td>EZ COUNTRY (2010)<\/p>\n<ol>\n<li style=\"list-style-type: none;\">\n<ol>\n<li><a href=\"https:\/\/youtu.be\/RipRYBelFds\" target=\"_blank\" rel=\"noopener\">Hossz\u00fa, r\u00f6g\u00f6s \u00fat<\/a><\/li>\n<li><a href=\"https:\/\/youtu.be\/mqN76kVtEnA\" target=\"_blank\" rel=\"noopener\">Sz\u00f3l a country<\/a><\/li>\n<li>Orsz\u00e1g\u00fat<\/li>\n<li>Alabama Jubilee<\/li>\n<li><a href=\"https:\/\/youtu.be\/KbELJJiyZ7I\" target=\"_blank\" rel=\"noopener\">V\u00e9ge a h\u00e9tnek<\/a><\/li>\n<li>\u00d6reg Hob\u00f3<\/li>\n<li>L\u00e1ttam a f\u00e9nyt<\/li>\n<li>Ezer m\u00e9rf\u00f6ld van m\u00e9g<\/li>\n<li>Nem tudom, milyen<\/li>\n<li><a href=\"https:\/\/youtu.be\/mvpgH-VTY5w\" target=\"_blank\" rel=\"noopener\">S\u00f6rdal<\/a><\/li>\n<li><a href=\"https:\/\/youtu.be\/yvQyYZdQJgM\" target=\"_blank\" rel=\"noopener\">J\u00f3t mulattunk<\/a><\/li>\n<\/ol>\n<p>&nbsp;<\/li>\n<\/ol>\n<\/td>\n<td><img loading=\"lazy\" class=\"size-medium wp-image-283 alignright\" src=\"http:\/\/kantrijo.hu\/wp-content\/uploads\/2018\/08\/Borito_1-300x297.jpg\" alt=\"\" width=\"150\" height=\"150\" srcset=\"https:\/\/kantrijo.hu\/wp-content\/uploads\/2018\/08\/Borito_1-300x297.jpg 300w, https:\/\/kantrijo.hu\/wp-content\/uploads\/2018\/08\/Borito_1-150x150.jpg 150w, https:\/\/kantrijo.hu\/wp-content\/uploads\/2018\/08\/Borito_1-768x761.jpg 768w, https:\/\/kantrijo.hu\/wp-content\/uploads\/2018\/08\/Borito_1-1024x1015.jpg 1024w, https:\/\/kantrijo.hu\/wp-content\/uploads\/2018\/08\/Borito_1.jpg 1411w\" sizes=\"(max-width: 150px) 100vw, 150px\" \/><\/p>\n<p><img loading=\"lazy\" class=\"size-medium wp-image-284 alignright\" src=\"http:\/\/kantrijo.hu\/wp-content\/uploads\/2018\/08\/Borito_2-300x297.jpg\" alt=\"\" width=\"150\" height=\"150\" srcset=\"https:\/\/kantrijo.hu\/wp-content\/uploads\/2018\/08\/Borito_2-300x297.jpg 300w, https:\/\/kantrijo.hu\/wp-content\/uploads\/2018\/08\/Borito_2-150x150.jpg 150w, https:\/\/kantrijo.hu\/wp-content\/uploads\/2018\/08\/Borito_2-768x761.jpg 768w, https:\/\/kantrijo.hu\/wp-content\/uploads\/2018\/08\/Borito_2-1024x1015.jpg 1024w, https:\/\/kantrijo.hu\/wp-content\/uploads\/2018\/08\/Borito_2.jpg 1411w\" sizes=\"(max-width: 150px) 100vw, 150px\" \/><\/td>\n<\/tr>\n<tr>\n<td>P\u00c1TRIJ\u00d3 (2016)<\/p>\n<ol>\n<li>Utcazenekar<\/li>\n<li><a href=\"https:\/\/youtu.be\/bulWEXtTKv4\" target=\"_blank\" rel=\"noopener\">Bar\u00e1tom ott tal\u00e1lkozunk<\/a><\/li>\n<li>M\u00e9g \u00e1lmodn\u00e1l<\/li>\n<li><a href=\"https:\/\/youtu.be\/PE1Jz2kl7xA\" target=\"_blank\" rel=\"noopener\">Utaz\u00f3<\/a><\/li>\n<li>\u00c9p\u00edts\u00fcnk h\u00e1zat<\/li>\n<li>Hej gyere velem<\/li>\n<li>Lehetne m\u00e9g<\/li>\n<li>Ha szerelem van<\/li>\n<li><a href=\"https:\/\/youtu.be\/qSh4fe6BsGQ\" target=\"_blank\" rel=\"noopener\">Sz\u00e9p az \u00e9let<\/a><\/li>\n<li><a href=\"https:\/\/youtu.be\/BXAAIPtaQ-k\" target=\"_blank\" rel=\"noopener\">Kell a szabads\u00e1g<\/a><\/li>\n<li>Munk\u00e1sember blues<\/li>\n<li>T\u00e9tova dal<\/li>\n<li>Egy r\u00e9gi dal<\/li>\n<li><a href=\"https:\/\/youtu.be\/0UoDQwD6ZHc\" target=\"_blank\" rel=\"noopener\">A k\u00f6r megbonthatatlan<\/a><\/li>\n<\/ol>\n<\/td>\n<td><img loading=\"lazy\" class=\" wp-image-277 alignright\" src=\"http:\/\/kantrijo.hu\/wp-content\/uploads\/2018\/08\/2017.08.29.-P\u00e1trij\u00f3-CD-bor\u00edt\u00f3-300x212.jpg\" alt=\"\" width=\"345\" height=\"244\" srcset=\"https:\/\/kantrijo.hu\/wp-content\/uploads\/2018\/08\/2017.08.29.-P\u00e1trij\u00f3-CD-bor\u00edt\u00f3-300x212.jpg 300w, https:\/\/kantrijo.hu\/wp-content\/uploads\/2018\/08\/2017.08.29.-P\u00e1trij\u00f3-CD-bor\u00edt\u00f3-768x543.jpg 768w, https:\/\/kantrijo.hu\/wp-content\/uploads\/2018\/08\/2017.08.29.-P\u00e1trij\u00f3-CD-bor\u00edt\u00f3-1024x724.jpg 1024w\" sizes=\"(max-width: 345px) 100vw, 345px\" \/><\/td>\n<\/tr>\n<\/tbody>\n<\/table>\n","protected":false},"excerpt":{"rendered":"<p>A COUNTRY J\u00d3 (2003) Hossz\u00fa, r\u00f6g\u00f6s \u00fat \u00c1llom\u00e1s \u2013 G\u0151zmozdony blues Hej, \u00f6reg tamburinos Am\u00edg csak tart az \u00e9j Utaz\u00f3 L\u00e1ttam a f\u00e9nyt \u00c9p\u00edts\u00fcnk h\u00e1zat Hej, gyere velem Nem tudom, milyen S\u00f6rdal A k\u00f6r megbonthatatlan &nbsp; EZ COUNTRY (2010) Hossz\u00fa, r\u00f6g\u00f6s \u00fat Sz\u00f3l a country Orsz\u00e1g\u00fat Alabama Jubilee V\u00e9ge a h\u00e9tnek \u00d6reg Hob\u00f3 L\u00e1ttam a [&hellip;]<\/p>\n","protected":false},"author":1,"featured_media":0,"parent":0,"menu_order":0,"comment_status":"closed","ping_status":"closed","template":"","meta":[],"_links":{"self":[{"href":"https:\/\/kantrijo.hu\/index.php?rest_route=\/wp\/v2\/pages\/14"}],"collection":[{"href":"https:\/\/kantrijo.hu\/index.php?rest_route=\/wp\/v2\/pages"}],"about":[{"href":"https:\/\/kantrijo.hu\/index.php?rest_route=\/wp\/v2\/types\/page"}],"author":[{"embeddable":true,"href":"https:\/\/kantrijo.hu\/index.php?rest_route=\/wp\/v2\/users\/1"}],"replies":[{"embeddable":true,"href":"https:\/\/kantrijo.hu\/index.php?rest_route=%2Fwp%2Fv2%2Fcomments&post=14"}],"version-history":[{"count":9,"href":"https:\/\/kantrijo.hu\/index.php?rest_route=\/wp\/v2\/pages\/14\/revisions"}],"predecessor-version":[{"id":52,"href":"https:\/\/kantrijo.hu\/index.php?rest_route=\/wp\/v2\/pages\/14\/revisions\/52"}],"wp:attachment":[{"href":"https:\/\/kantrijo.hu\/index.php?rest_route=%2Fwp%2Fv2%2Fmedia&parent=14"}],"curies":[{"name":"wp","href":"https:\/\/api.w.org\/{rel}","templated":true}]}}