{"id":16,"date":"2017-03-29T19:42:08","date_gmt":"2017-03-29T19:42:08","guid":{"rendered":"http:\/\/kantrijo.hu\/?page_id=16"},"modified":"2023-10-08T13:45:37","modified_gmt":"2023-10-08T13:45:37","slug":"video","status":"publish","type":"page","link":"https:\/\/kantrijo.hu\/?page_id=16","title":{"rendered":"Vide\u00f3"},"content":{"rendered":"\n<p><style type=\"text\/css\"><span data-mce-type=\"bookmark\" style=\"display: inline-block; width: 0px; overflow: hidden; line-height: 0;\" class=\"mce_SELRES_start\">\ufeff<\/span><br \/>  table,td,th  {border:0px}<br \/><\/style><\/p>\n<table>\n<tbody>\n<tr>\n<td width=\"189\">KANTRIJ\u00d3 A ZAMAT FESZTIV\u00c1LON<\/td>\n<td width=\"30\">\/2023<\/td>\n<\/tr>\n<tr>\n<td width=\"30\"><a href=\"https:\/\/www.youtube.com\/watch?v=u2CxudDlFPI\" target=\"_blank\" rel=\"noopener\">ZAMAT FESZTIV\u00c1L &#8211; 2023<\/a><\/td>\n<td width=\"30\">\u00a0<\/td>\n<\/tr>\n<tr>\n<td width=\"189\">\u00a0<\/td>\n<td width=\"30\">\u00a0<\/td>\n<\/tr>\n<tr>\n<tr>\n<td width=\"189\">PULYKANAPOK<\/td>\n<td width=\"30\">\/2019<\/td>\n<\/tr>\n<tr>\n<td width=\"30\"><a href=\"https:\/\/www.youtube.com\/watch?v=dag3QgaOvn0\" target=\"_blank\" rel=\"noopener\">Pulykanapok &#8211; 2019<\/a><\/td>\n<td width=\"30\">\u00a0<\/td>\n<\/tr>\n<tr>\n<td width=\"189\">\u00a0<\/td>\n<td width=\"30\">\u00a0<\/td>\n<\/tr>\n<tr>\n<td width=\"189\">KANTRIJ\u00d3 KONCERT DVD<\/td>\n<td width=\"30\">\/2010<\/td>\n<\/tr>\n<tr>\n<td width=\"189\">\u00a0\u00a0<a href=\"https:\/\/youtu.be\/D4NqVX-GEDY\" target=\"_blank\" rel=\"noopener\">Bevezet\u0151<\/a><\/td>\n<td rowspan=\"8\" width=\"272\"><img loading=\"lazy\" class=\"alignnone size-medium wp-image-330\" src=\"http:\/\/kantrijo.hu\/wp-content\/uploads\/2018\/12\/2010.-09.-05.-Kossuth-t\u00e9r-koncert-DVD-matrica-262x300.jpg\" alt=\"\" width=\"262\" height=\"300\" srcset=\"https:\/\/kantrijo.hu\/wp-content\/uploads\/2018\/12\/2010.-09.-05.-Kossuth-t\u00e9r-koncert-DVD-matrica-262x300.jpg 262w, https:\/\/kantrijo.hu\/wp-content\/uploads\/2018\/12\/2010.-09.-05.-Kossuth-t\u00e9r-koncert-DVD-matrica-768x879.jpg 768w, https:\/\/kantrijo.hu\/wp-content\/uploads\/2018\/12\/2010.-09.-05.-Kossuth-t\u00e9r-koncert-DVD-matrica-895x1024.jpg 895w, https:\/\/kantrijo.hu\/wp-content\/uploads\/2018\/12\/2010.-09.-05.-Kossuth-t\u00e9r-koncert-DVD-matrica.jpg 1417w\" sizes=\"(max-width: 262px) 100vw, 262px\" \/><\/td>\n<\/tr>\n<tr>\n<td width=\"189\">\u00a0\u00a0<a href=\"https:\/\/youtu.be\/7jbyPji7bsY\" target=\"_blank\" rel=\"noopener\">Hossz\u00fa r\u00f6g\u00f6s \u00fat<\/a><\/td>\n<\/tr>\n<tr>\n<td width=\"189\">\u00a0\u00a0<a href=\"https:\/\/youtu.be\/EEb1vgTB3H0\" target=\"_blank\" rel=\"noopener\">V\u00e9ge a h\u00e9tnek<\/a><\/td>\n<\/tr>\n<tr>\n<td width=\"189\">\u00a0\u00a0<a href=\"https:\/\/youtu.be\/LiL67d8oIW8\" target=\"_blank\" rel=\"noopener\">Sz\u00e9p az \u00e9let<\/a><\/td>\n<\/tr>\n<tr>\n<td width=\"189\">\u00a0\u00a0<a href=\"https:\/\/youtu.be\/6KFWlcUYnxw\" target=\"_blank\" rel=\"noopener\">Sz\u00f3l a country<\/a><\/td>\n<\/tr>\n<tr>\n<td width=\"189\">\u00a0\u00a0<a href=\"https:\/\/youtu.be\/fkEKUePwvN0\" target=\"_blank\" rel=\"noopener\">\u00c9p\u00edts\u00fcnk h\u00e1zat<\/a><\/td>\n<\/tr>\n<tr>\n<td width=\"189\">\u00a0\u00a0<a href=\"https:\/\/youtu.be\/STORejmcpXs\" target=\"_blank\" rel=\"noopener\">J\u00f3t mulattunk<\/a><\/td>\n<\/tr>\n<tr>\n<td width=\"189\">\u00a0<\/td>\n<\/tr>\n<\/tbody>\n<\/table>\n","protected":false},"excerpt":{"rendered":"<p>KANTRIJ\u00d3 A ZAMAT FESZTIV\u00c1LON \/2023 ZAMAT FESZTIV\u00c1L &#8211; 2023 \u00a0 \u00a0 \u00a0 PULYKANAPOK \/2019 Pulykanapok &#8211; 2019 \u00a0 \u00a0 \u00a0 KANTRIJ\u00d3 KONCERT DVD \/2010 \u00a0\u00a0Bevezet\u0151 \u00a0\u00a0Hossz\u00fa r\u00f6g\u00f6s \u00fat \u00a0\u00a0V\u00e9ge a h\u00e9tnek \u00a0\u00a0Sz\u00e9p az \u00e9let \u00a0\u00a0Sz\u00f3l a country \u00a0\u00a0\u00c9p\u00edts\u00fcnk h\u00e1zat \u00a0\u00a0J\u00f3t mulattunk \u00a0<\/p>\n","protected":false},"author":1,"featured_media":0,"parent":0,"menu_order":0,"comment_status":"closed","ping_status":"closed","template":"","meta":[],"_links":{"self":[{"href":"https:\/\/kantrijo.hu\/index.php?rest_route=\/wp\/v2\/pages\/16"}],"collection":[{"href":"https:\/\/kantrijo.hu\/index.php?rest_route=\/wp\/v2\/pages"}],"about":[{"href":"https:\/\/kantrijo.hu\/index.php?rest_route=\/wp\/v2\/types\/page"}],"author":[{"embeddable":true,"href":"https:\/\/kantrijo.hu\/index.php?rest_route=\/wp\/v2\/users\/1"}],"replies":[{"embeddable":true,"href":"https:\/\/kantrijo.hu\/index.php?rest_route=%2Fwp%2Fv2%2Fcomments&post=16"}],"version-history":[{"count":9,"href":"https:\/\/kantrijo.hu\/index.php?rest_route=\/wp\/v2\/pages\/16\/revisions"}],"predecessor-version":[{"id":470,"href":"https:\/\/kantrijo.hu\/index.php?rest_route=\/wp\/v2\/pages\/16\/revisions\/470"}],"wp:attachment":[{"href":"https:\/\/kantrijo.hu\/index.php?rest_route=%2Fwp%2Fv2%2Fmedia&parent=16"}],"curies":[{"name":"wp","href":"https:\/\/api.w.org\/{rel}","templated":true}]}}