{"id":18,"date":"2017-03-29T19:42:08","date_gmt":"2017-03-29T19:42:08","guid":{"rendered":"http:\/\/kantrijo.hu\/?page_id=18"},"modified":"2021-12-17T16:05:16","modified_gmt":"2021-12-17T16:05:16","slug":"kantrijo-history","status":"publish","type":"page","link":"https:\/\/kantrijo.hu\/?page_id=18","title":{"rendered":"Kantrij\u00f3 history"},"content":{"rendered":"<p><strong>2002.<\/strong><\/p>\n<p>Megalakul a <strong>KANTRIJ\u00d3.<\/strong> Nevezhetj\u00fck a zenekar els\u0151 sz\u00fclet\u00e9snapj\u00e1nak.<\/p>\n<p>A \u201esz\u00fcl\u0151k\u201d: <strong>Czifr\u00e1k Andr\u00e1s, Varga Tibor (Bakter), Czegl\u00e9dy Csaba.<\/strong><\/p>\n<p>A tri\u00f3 ezen fel\u00e1ll\u00e1sban f\u00e9l playback technik\u00e1val adja el\u0151 a m\u0171sor\u00e1t.<\/p>\n<p>K\u00e9s\u0151bb <strong>Czegl\u00e9dy Csab\u00e1t, Harangi L\u00e1szl\u00f3<\/strong> majd <strong>Kocsis G\u00e9za<\/strong> k\u00f6vette. Ezzel egy id\u0151ben lesz a zenekar \u201ek\u00fcls\u0151\u201d seg\u00edt\u0151je <strong>R\u00e1bold Elek (Lexi).<\/strong><\/p>\n<p>A zenekar vezet\u0151je: <strong>Czifr\u00e1k Andr\u00e1s.<\/strong><\/p>\n<p>&nbsp;<\/p>\n<p><strong>&nbsp;<\/strong><\/p>\n<p><strong>2004.<\/strong><\/p>\n<p>M\u00e1sodik sz\u00fclet\u00e9snap, amikor is eld\u0151lt, hogy ezt k\u00f6vet\u0151en a KANTRIJ\u00d3 \u00e9l\u0151ben, \u00faj tagokkal kib\u0151v\u00fclve folytatja a megkezdett zenei munk\u00e1ss\u00e1g\u00e1t. A kib\u0151v\u00edtett csapat tagjai:<\/p>\n<p><strong>Czifr\u00e1k Andr\u00e1s&nbsp;&nbsp;&nbsp;&nbsp;&nbsp;&nbsp;&nbsp;&nbsp;&nbsp;&nbsp;&nbsp;&nbsp; <\/strong>sz\u00e1jharmonika, \u00e9nek<\/p>\n<p><strong>Varga Tibor (Bakter)&nbsp;&nbsp; <\/strong>sz\u00f3l\u00f3 git\u00e1r, vok\u00e1l<\/p>\n<p><strong>Kocsis G\u00e9za&nbsp;&nbsp;&nbsp;&nbsp;&nbsp;&nbsp;&nbsp;&nbsp;&nbsp;&nbsp;&nbsp;&nbsp;&nbsp;&nbsp;&nbsp;&nbsp;&nbsp;&nbsp; <\/strong>akusztikus git\u00e1r, vok\u00e1l<strong>&nbsp;&nbsp;&nbsp;&nbsp;&nbsp;&nbsp;&nbsp; <\/strong><\/p>\n<p><strong>R\u00e1bold Elek&nbsp;&nbsp;&nbsp;&nbsp;&nbsp;&nbsp;&nbsp;&nbsp;&nbsp;&nbsp;&nbsp;&nbsp;&nbsp;&nbsp;&nbsp;&nbsp;&nbsp;&nbsp; <\/strong>git\u00e1r, slide<\/p>\n<p><strong>Papp Zolt\u00e1n&nbsp;&nbsp;&nbsp;&nbsp;&nbsp;&nbsp;&nbsp;&nbsp;&nbsp;&nbsp;&nbsp;&nbsp;&nbsp;&nbsp;&nbsp;&nbsp;&nbsp;&nbsp; <\/strong>git\u00e1r<\/p>\n<p><strong>T\u00f3th Imre&nbsp;&nbsp;&nbsp;&nbsp;&nbsp;&nbsp;&nbsp;&nbsp;&nbsp;&nbsp;&nbsp;&nbsp;&nbsp;&nbsp;&nbsp;&nbsp;&nbsp;&nbsp;&nbsp;&nbsp;&nbsp;&nbsp; <\/strong>bass git\u00e1r, vok\u00e1l<\/p>\n<p><strong>Reh\u00f3 S\u00e1ndor<\/strong> &nbsp;&nbsp;&nbsp;&nbsp;&nbsp;&nbsp;&nbsp;&nbsp;&nbsp;&nbsp;&nbsp;&nbsp;&nbsp;&nbsp;&nbsp;&nbsp;&nbsp;dob, vok\u00e1l<\/p>\n<p>Ez a form\u00e1ci\u00f3 <strong>2011 j\u00falius\u00e1ig<\/strong> m\u0171k\u00f6d\u00f6tt.<\/p>\n<p>Id\u0151k\u00f6zben <strong>Papp Zolt\u00e1nt, Sz\u00e1lkai S\u00e1ndor<\/strong> (billenty\u0171) v\u00e1ltotta<\/p>\n<p><strong>Kocsis G\u00e9za <\/strong>hely\u00e9re (2008) <strong>K\u00fczm\u00f6s L\u00e1szl\u00f3 <\/strong>(heged\u0171, git\u00e1r) \u00e9rkezett..<\/p>\n<p><strong>Sz\u00e1lkai S\u00e1ndor<\/strong> hely\u00e9re &nbsp;(2010) <strong>D\u00e9vai Zsolt (Luxi) <\/strong>git\u00e1ros, igazolt be.<\/p>\n<p>&nbsp;<\/p>\n<p><strong>2011. J\u00falius 6. BANDI tragikus hal\u00e1la.<\/strong><\/p>\n<p><strong>&nbsp;<\/strong><\/p>\n<p><strong>2011 \u2013 2012 novemberig.<\/strong><\/p>\n<p><strong>Varga Tibor<\/strong><\/p>\n<p><strong>R\u00e1bold Elek<\/strong><\/p>\n<p><strong>T\u00f3th Imre<\/strong><\/p>\n<p><strong>Reh\u00f3 S\u00e1ndor<\/strong><\/p>\n<p><strong>K\u00fczm\u00f6s L\u00e1szl\u00f3<\/strong><\/p>\n<p><strong>D\u00e9vai Zsolt (Luxi) <\/strong>voltak tagjai a zenekarnak.<\/p>\n<p><strong>2012 \u0151sz\u00e9n, R\u00e1bold Elek \u00e9s D\u00e9vai Zsolt <\/strong>t\u00e1voztak a KANTRIJ\u00d3B\u00d3L.<\/p>\n<p>&nbsp;<\/p>\n<p><strong>2012 nov. t\u0151l \u2013 2014 nov. ig.<\/strong><\/p>\n<p><strong>Varga Tibor<\/strong><\/p>\n<p><strong>T\u00f3th Imre<\/strong><\/p>\n<p><strong>Reh\u00f3 S\u00e1ndor<\/strong><\/p>\n<p><strong>K\u00fczm\u00f6s L\u00e1szl\u00f3<\/strong><\/p>\n<p><strong>L\u00e9tm\u00e1nyi Istv\u00e1n <\/strong>2012 \u0151sz\u00e9t\u0151l (git\u00e1r)<\/p>\n<p><strong>Bernyiscsek \u00c9va <\/strong>2012 \u0151sz\u00e9t\u0151l (\u00e9nek)<\/p>\n<p><strong>Dov\u00e1k Annam\u00e1ria <\/strong>2013 tavaszt\u00f3l (\u00e9nek)<\/p>\n<p>&nbsp;<\/p>\n<p>&nbsp;<\/p>\n<p>Mint oly sok zenekart, a <strong>KANTRIJ\u00d3T<\/strong> sem ker\u00fclt\u00e9k el a bels\u0151 \u201ev\u00e1ls\u00e1gok\u201d. Szakmai \u00e9s egy\u00e9b m\u00e1s okok miatt k\u00e9t kor\u00e1bbi tag<\/p>\n<p><strong>Varga Tibor<\/strong>&nbsp;&nbsp;&nbsp;&nbsp; 2014. novemberben<\/p>\n<p><strong>Reh\u00f3 S\u00e1ndor<\/strong>&nbsp;&nbsp;&nbsp; 2015. janu\u00e1rban kiv\u00e1lt a zenekarb\u00f3l.<\/p>\n<p><strong>T\u00f3th Imre<\/strong>&nbsp;&nbsp;&nbsp;&nbsp; &nbsp;&nbsp;&nbsp;&nbsp;2015. j\u00fanius. Eg\u00e9szs\u00e9g\u00fcgyi okokra (is) hivatkozva visszavonult a zenei \u00e9lett\u0151l \u00e9s a <strong>KANTRIJ\u00d3-<\/strong>b\u00f3l. De f\u00e9l\u00e9ves sz\u00fcnet ut\u00e1n felk\u00e9r\u00e9sre \u00e9s saj\u00e1t meggy\u0151z\u0151d\u00e9s\u00e9b\u0151l visszat\u00e9rt a meg\u00fajul\u00f3 <strong>KANTRIJ\u00d3<\/strong> zenekarhoz.<\/p>\n<p><strong>Varga Tibor<\/strong> is \u00f6r\u00f6mmel \u201evetette\u201d be mag\u00e1t \u00fajra, a m\u00e1r m\u00e1s szellemis\u00e9get k\u00e9pvisel\u0151 csapat munk\u00e1j\u00e1ba!<\/p>\n<p>&nbsp;<\/p>\n<p><strong>2016<\/strong>-ban a zenekar elk\u00e9sz\u00edtette a &#8220;<strong>P\u00c1TRIJ\u00d3<\/strong>&#8221; c. lemezt, mintegy eml\u00e9ket \u00e1ll\u00edtva <strong>Czifr\u00e1k Bandi<\/strong> zenei munk\u00e1ss\u00e1g\u00e1nak. A lemez elk\u00e9sz\u00edt\u00e9s\u00e9ben r\u00e9szt vev\u0151 zen\u00e9sz koll\u00e9g\u00e1k, bar\u00e1tok.<\/p>\n<p><strong>Bernyiscsek \u00c9va <\/strong>\u00e9nek<\/p>\n<p><strong>Dr. Bal\u00e1zs J\u00f3zsef <\/strong>heged\u0171<\/p>\n<p><strong>Kiss S\u00e1ndor <\/strong>billenty\u0171<\/p>\n<p><strong>Palotai Szil\u00e1rd<\/strong> akusztikus git\u00e1r<\/p>\n<p><strong>Pik\u00f3 S\u00e1ndor<\/strong> sz\u00e1jharmonika<\/p>\n<p><strong>Reh\u00f3 S\u00e1ndor<\/strong> dob, \u00e9nek<\/p>\n<p><strong>Sz\u0151ll\u0151si Tibor<\/strong> akusztikus git\u00e1r, mandolin, \u00e9nek<\/p>\n<p><strong>T\u00f3th Imre<\/strong> baszus git\u00e1r, \u00e9nek<\/p>\n<p><strong>Varga Tibor<\/strong> (Bakter) sz\u00f3l\u00f3 git\u00e1r, \u00e9nek<\/p>\n<p>&nbsp;<\/p>\n<p><strong>2018 janu\u00e1rt\u00f3l<\/strong><\/p>\n<p><strong>Varga Tibor<\/strong><\/p>\n<p><strong>T\u00f3th Imre<\/strong><\/p>\n<p><strong>Reh\u00f3 S\u00e1ndor<\/strong><\/p>\n<p><strong>\u00c1rvai J\u00e1nos<\/strong> ritmus git\u00e1r<\/p>\n<p><strong>Kiss S\u00e1ndor<\/strong><\/p>\n<p>&nbsp;<\/p>\n<p>Az \u00fajj\u00e1alakul\u00f3 zenekar ( a KANTRIJ\u00d3 nevet megtartva \u00e9s \u00faj tagokkal kieg\u00e9sz\u00fclve) c\u00e9lja, hogy tov\u00e1bb n\u00e9pszer\u0171s\u00edtse kis haz\u00e1nkban a country zenei vil\u00e1g\u00e1t \u00e9s \u00e1polja feledhetetlen bar\u00e1tunk <strong>Czifr\u00e1k Bandi<\/strong> zenei \u00e9s szellemi hagyat\u00e9k\u00e1t! Ezzel is \u0151rizve eml\u00e9k\u00e9t \u00e9s eleget t\u00e9ve t\u00f6bbek k\u00f6z\u00f6tt a <strong>Czifr\u00e1k Andr\u00e1s Bar\u00e1ti K\u00f6r<\/strong> \u00e9s minden \u201ek\u00f6r\u00f6n k\u00edv\u00fcli\u201d KANTRIJ\u00d3 szimpatiz\u00e1ns elv\u00e1r\u00e1s\u00e1nak.<\/p>\n<p>&nbsp;<\/p>\n<p>A r\u00e9gi \u00e9s az \u00faj tagokkal kieg\u00e9sz\u00fclt <strong>KANTRIJ\u00d3 <\/strong>2016. janu\u00e1rt\u00f3l dolgozik kor\u00e1bbi \u00e9s \u00faj m\u0171sor\u00e1n.<\/p>\n<p>&nbsp;<\/p>\n<p><strong>2020 \u0151sz\u00e9t\u0151l<\/strong> Vit\u00e9z Moln\u00e1r Jen\u0151 igazolt be \u00c1rvai Jancsi hely\u00e9re. 60+os \u00e9p\u00edt\u00e9sz m\u00e9rn\u00f6k. A zenei p\u00e1ly\u00e1j\u00e1t hivat\u00e1sosk\u00e9nt kezdte, de ink\u00e1bb megmaradt lelkes amat\u0151rnek. Git\u00e1rt 50 \u00e9ve fogott el\u0151sz\u00f6r a kez\u00e9be. Mintha csak ma lenne. De sz\u00edve \u00e9s a lelke, a lelkesed\u00e9se nagy \u00e9s a zene szeretete sok mindenen \u00e1tseg\u00edtette eddig is \u00e9s rem\u00e9lj\u00fck m\u00e9g sok\u00e1ig \u00e9s ezut\u00e1n is. A Czifr\u00e1k Bandi alap\u00edtotta P\u00c1TRIA zenekarnak t\u00f6bbsz\u00f6r is tagja volt.<\/p>\n<p>&nbsp;<\/p><p>&nbsp;<\/p>\n<p><strong>2021-t\u0151l:<\/strong><\/p>\n<p><strong>Varga Tibor<\/strong> sz\u00f3l\u00f3 git\u00e1r<\/p>\n<p><strong>T\u00f3th Imre<\/strong> basszus git\u00e1r<\/p>\n<p><strong>Reh\u00f3 S\u00e1ndor<\/strong> dob<\/p>\n<p><strong>Kiss S\u00e1ndor<\/strong> billenty\u0171<\/p>\n<p><strong>Vit\u00e9z Moln\u00e1r Jen\u0151<\/strong> akusztikus git\u00e1r<\/p>\n<p><strong>Moln\u00e1r Mikl\u00f3s<\/strong> heged\u0171<\/p>\n<p><strong>Bernyiscsek \u00c9va<\/strong> \u00e9nek<\/p>\n\n\n<p><\/p>\n","protected":false},"excerpt":{"rendered":"<p>2002. Megalakul a KANTRIJ\u00d3. Nevezhetj\u00fck a zenekar els\u0151 sz\u00fclet\u00e9snapj\u00e1nak. A \u201esz\u00fcl\u0151k\u201d: Czifr\u00e1k Andr\u00e1s, Varga Tibor (Bakter), Czegl\u00e9dy Csaba. A tri\u00f3 ezen fel\u00e1ll\u00e1sban f\u00e9l playback technik\u00e1val adja el\u0151 a m\u0171sor\u00e1t. K\u00e9s\u0151bb Czegl\u00e9dy Csab\u00e1t, Harangi L\u00e1szl\u00f3 majd Kocsis G\u00e9za k\u00f6vette. Ezzel egy id\u0151ben lesz a zenekar \u201ek\u00fcls\u0151\u201d seg\u00edt\u0151je R\u00e1bold Elek (Lexi). A zenekar vezet\u0151je: Czifr\u00e1k Andr\u00e1s. &nbsp; [&hellip;]<\/p>\n","protected":false},"author":1,"featured_media":0,"parent":0,"menu_order":0,"comment_status":"closed","ping_status":"closed","template":"","meta":[],"_links":{"self":[{"href":"https:\/\/kantrijo.hu\/index.php?rest_route=\/wp\/v2\/pages\/18"}],"collection":[{"href":"https:\/\/kantrijo.hu\/index.php?rest_route=\/wp\/v2\/pages"}],"about":[{"href":"https:\/\/kantrijo.hu\/index.php?rest_route=\/wp\/v2\/types\/page"}],"author":[{"embeddable":true,"href":"https:\/\/kantrijo.hu\/index.php?rest_route=\/wp\/v2\/users\/1"}],"replies":[{"embeddable":true,"href":"https:\/\/kantrijo.hu\/index.php?rest_route=%2Fwp%2Fv2%2Fcomments&post=18"}],"version-history":[{"count":9,"href":"https:\/\/kantrijo.hu\/index.php?rest_route=\/wp\/v2\/pages\/18\/revisions"}],"predecessor-version":[{"id":427,"href":"https:\/\/kantrijo.hu\/index.php?rest_route=\/wp\/v2\/pages\/18\/revisions\/427"}],"wp:attachment":[{"href":"https:\/\/kantrijo.hu\/index.php?rest_route=%2Fwp%2Fv2%2Fmedia&parent=18"}],"curies":[{"name":"wp","href":"https:\/\/api.w.org\/{rel}","templated":true}]}}