{"id":8,"date":"2017-03-29T19:39:20","date_gmt":"2017-03-29T19:39:20","guid":{"rendered":"http:\/\/kantrijo.hu\/?page_id=8"},"modified":"2017-08-12T14:04:58","modified_gmt":"2017-08-12T14:04:58","slug":"bemutatkozas","status":"publish","type":"page","link":"https:\/\/kantrijo.hu\/?page_id=8","title":{"rendered":"Bemutatkoz\u00e1s"},"content":{"rendered":"<h3 style=\"text-align: center;\"><strong>KANTRIJ\u00d3 ZENEKAR &#8211; DEBRECEN<\/strong><\/h3>\n<p>&nbsp;<\/p>\n<p>Csapatunk a KANTRIJ\u00d3 egy fiatal csapat, hisz 2002-ben alakult 3 f\u0151vel. Innen is a n\u00e9v sz\u00f3j\u00e1t\u00e9kos meghat\u00e1roz\u00e1sa. 3 f\u00e9rfi, az 3 kan. \u00cdgy ez egy kan trij\u00f3. Miut\u00e1n country zen\u00e9t j\u00e1tszik a t\u00e1rsas\u00e1g, lett a zenekar neve KANTRIJ\u00d3.<\/p>\n<p style=\"text-align: center;\">A zenekar megalakul\u00e1sakor megfogalmazott mott\u00f3ja:<\/p>\n<p style=\"text-align: center;\">&#8220;A KANTRIJ\u00d3 EGY KAN -TRIJ\u00d3, ZEN\u00c9L\u00dcNK MERT A COUNTRY J\u00d3&#8221;<\/p>\n<p style=\"text-align: left;\">Ennek szellem\u00e9ben \u00e1ll\u00edtottuk \u00f6ssze m\u0171sorainkat, melyekben saj\u00e1t dalok \u00e9s country \u00f6r\u00f6kz\u00f6ldek szerepelnek. Az ut\u00f3bbiakat az amerikai country palett\u00e1r\u00f3l v\u00e1lasztottuk. Vannak k\u00f6zt\u00fck r\u00e9gi \u00e9s \u00faj mel\u00f3di\u00e1k is. A dalokat alkalmank\u00e9nt angol nyelven is j\u00e1tszuk, de miut\u00e1n feladatunknak tartjuk az igazi country zene megismertet\u00e9s\u00e9t a magyar k\u00f6z\u00f6ns\u00e9ggel, legink\u00e1bb az \u00e1ltalunk \u00edrt, vagy \u00e1t\u00edrt magyar sz\u00f6veggel adjuk el\u0151.<\/p>\n<p style=\"text-align: left;\">T\u00f6bbsz\u00f6ri \u00e1talakul\u00e1s ut\u00e1n 2004-ben v\u00e1lt h\u00e9ttag\u00fav\u00e1 a zenekar \u00e9s kezdte meg az \u00e9l\u0151 zenei koncertez\u00e9st. A csapat m\u0171sor\u00e1t sz\u0171kebb p\u00e1tri\u00e1j\u00e1n k\u00edv\u00fcl k\u00fclf\u00f6ld\u00f6n is bemutatta m\u00e1r. H\u00e1romszor j\u00e1rtunk a lengyelorsz\u00e1gi Limanov\u00e1ban, k\u00e9tszer a rom\u00e1niai Nagyk\u00e1rolyban, k\u00e9tszer s szlov\u00e1kiai Sepsiben, egyszer a kassai Borkarnev\u00e1lon. 2009-ben \u00e9s 2010-ben Magyarorsz\u00e1got k\u00e9pviselve vett\u00fcnk r\u00e9szt a Kassa melletti Alpink\u00e1n megrendezett Cassiovia Country Parti nev\u0171 country fesztiv\u00e1lon. Ezeken a sikeres k\u00fclf\u00f6ldi bemutatkoz\u00e1sokon meg kell mondanunk, hogy j\u00f3 volt magyarnak lenni. A KANTRIJ\u00d3 2003-ban m\u00e9g a megalakul\u00e1s kori \u00f6sszet\u00e9telben &#8220;A COUNTRY J\u00d3&#8221; c\u00edmmel bemutatkoz\u00f3 lemezt alkotott.<\/p>\n<p style=\"text-align: left;\">2010-ben mintegy \u00f6sszegezve a h\u00e9ttag\u00fa zenekar t\u00e9nyked\u00e9s\u00e9t &#8220;EZ COUNTRY&#8221; c\u00edmmel \u00fajabb lemezt \u00e1ll\u00edtott \u00f6ssze.<\/p>\n<p style=\"text-align: left;\">2011-ben a zenekar lend\u00fclet\u00e9t megt\u00f6rte zenekarunk vezet\u0151j\u00e9nek, \u00e9nekes\u00e9nek, sz\u00e1jharmonikus\u00e1nak hirtelen, v\u00e1ratlan hal\u00e1la. A t\u00f6rt\u00e9ntek miatti b\u00e9nults\u00e1gpn t\u00fall\u00e9pve ism\u00e9t zen\u00e9l\u00fcnk \u00e9s vissz\u00fck tov\u00e1bb Czifr\u00e1k Bandi szellemis\u00e9g\u00e9t \u00e9s zenei hagyat\u00e9k\u00e1t. Ezen \u00edg\u00e9ret\u00fcnkh\u00f6z h\u00edven (ugyan m\u00e1r m\u00e1s zenekari fel\u00e1ll\u00e1sban) r\u00f6gz\u00edtett\u00fck Czifr\u00e1k Bandi hal\u00e1l\u00e1nak 5 \u00e9ves \u00e9vfordul\u00f3j\u00e1ra, Bandi zenei munk\u00e1ss\u00e1g\u00e1t mintegy fel\u00f6lelve \u00e9s bemutatva a (P\u00e1trij\u00e1t\u00f3l a Kantrij\u00f3ig) &#8220;P\u00c1TRIJ\u00d3&#8221; c. lemezt.<\/p>\n<p style=\"text-align: left;\">Mindh\u00e1rom lemez anyag\u00e1val \u00e9s a kor\u00e1bban j\u00e1tszott amerikai country sl\u00e1gerekkel is szeretn\u00e9nk tov\u00e1bb n\u00e9pszer\u0171s\u00edteni a country zenei vil\u00e1g\u00e1t, ahol mindenki felismerheti, hogy &#8220;EZ COUNTRY&#8221;.<\/p>\n<p>&nbsp;<\/p>\n<h1 style=\"text-align: left;\"><\/h1>\n<p><strong>CZIFR\u00c1K ANDR\u00c1S SAJ\u00c1T SZERZEM\u00c9NYEI (P\u00c1TRIA, KANTRIJ\u00d3 ZENEKAROK) VALAMINT AZON AMERIKAI COUNTRY SL\u00c1GEREK, MELYEKRE \u0150 \u00cdRT MAGYAR SZ\u00d6VEGET,<\/strong><\/p>\n<p><strong>CZIFR\u00c1K ANDR\u00c1S \u00c9S A KANTRIJ\u00d3 ZENEKAR SAJ\u00c1T SZELLEMI TERM\u00c9KEI! MINDEN M\u00c1S ZENEKARI FORM\u00c1CI\u00d3NAK EZEN SZ\u00c1MOK M\u0170SORRA T\u0170Z\u00c9SE \u2013 A KANTRIJ\u00d3VAL T\u00d6RT\u00c9N\u0150 EGYEZTET\u00c9S N\u00c9LK\u00dcL \u2013 INKOREKT \u00c9S ETIK\u00c1TLAN<\/strong><\/p>\n","protected":false},"excerpt":{"rendered":"<p>KANTRIJ\u00d3 ZENEKAR &#8211; DEBRECEN &nbsp; Csapatunk a KANTRIJ\u00d3 egy fiatal csapat, hisz 2002-ben alakult 3 f\u0151vel. Innen is a n\u00e9v sz\u00f3j\u00e1t\u00e9kos meghat\u00e1roz\u00e1sa. 3 f\u00e9rfi, az 3 kan. \u00cdgy ez egy kan trij\u00f3. Miut\u00e1n country zen\u00e9t j\u00e1tszik a t\u00e1rsas\u00e1g, lett a zenekar neve KANTRIJ\u00d3. A zenekar megalakul\u00e1sakor megfogalmazott mott\u00f3ja: &#8220;A KANTRIJ\u00d3 EGY KAN -TRIJ\u00d3, ZEN\u00c9L\u00dcNK MERT [&hellip;]<\/p>\n","protected":false},"author":1,"featured_media":0,"parent":0,"menu_order":0,"comment_status":"closed","ping_status":"closed","template":"","meta":[],"_links":{"self":[{"href":"https:\/\/kantrijo.hu\/index.php?rest_route=\/wp\/v2\/pages\/8"}],"collection":[{"href":"https:\/\/kantrijo.hu\/index.php?rest_route=\/wp\/v2\/pages"}],"about":[{"href":"https:\/\/kantrijo.hu\/index.php?rest_route=\/wp\/v2\/types\/page"}],"author":[{"embeddable":true,"href":"https:\/\/kantrijo.hu\/index.php?rest_route=\/wp\/v2\/users\/1"}],"replies":[{"embeddable":true,"href":"https:\/\/kantrijo.hu\/index.php?rest_route=%2Fwp%2Fv2%2Fcomments&post=8"}],"version-history":[{"count":5,"href":"https:\/\/kantrijo.hu\/index.php?rest_route=\/wp\/v2\/pages\/8\/revisions"}],"predecessor-version":[{"id":68,"href":"https:\/\/kantrijo.hu\/index.php?rest_route=\/wp\/v2\/pages\/8\/revisions\/68"}],"wp:attachment":[{"href":"https:\/\/kantrijo.hu\/index.php?rest_route=%2Fwp%2Fv2%2Fmedia&parent=8"}],"curies":[{"name":"wp","href":"https:\/\/api.w.org\/{rel}","templated":true}]}}